{"id":2148,"date":"2017-11-30T12:31:57","date_gmt":"2017-11-30T12:31:57","guid":{"rendered":"http:\/\/aeal.edu.pt\/?page_id=2148"},"modified":"2023-02-22T20:53:23","modified_gmt":"2023-02-22T20:53:23","slug":"2148-2","status":"publish","type":"page","link":"http:\/\/aeal.edu.pt\/portal\/2148-2\/","title":{"rendered":"Todos Juntos Podemos Ler"},"content":{"rendered":"<p>&nbsp;<\/p>\n<table style=\"background-color: white; padding: 15px;\">\n<tbody>\n<tr>\n<td><strong><a href=\"http:\/\/aeal.edu.pt\/portal\/wp-content\/uploads\/2017\/11\/rbe.jpg\"><img decoding=\"async\" class=\"alignnone size-medium wp-image-2166\" src=\"http:\/\/aeal.edu.pt\/portal\/wp-content\/uploads\/2017\/11\/rbe-300x133.jpg\" alt=\"\" width=\"300\" height=\"133\" srcset=\"http:\/\/aeal.edu.pt\/portal\/wp-content\/uploads\/2017\/11\/rbe-300x133.jpg 300w, http:\/\/aeal.edu.pt\/portal\/wp-content\/uploads\/2017\/11\/rbe.jpg 700w\" sizes=\"(max-width: 300px) 100vw, 300px\" \/><\/a>\u00a0 \u00a0 <a href=\"http:\/\/aeal.edu.pt\/portal\/wp-content\/uploads\/2017\/11\/logotipo-TJPL.jpg\"><img decoding=\"async\" class=\"alignnone size-medium wp-image-2149\" src=\"http:\/\/aeal.edu.pt\/portal\/wp-content\/uploads\/2017\/11\/logotipo-TJPL-300x132.jpg\" alt=\"\" width=\"300\" height=\"132\" srcset=\"http:\/\/aeal.edu.pt\/portal\/wp-content\/uploads\/2017\/11\/logotipo-TJPL-300x132.jpg 300w, http:\/\/aeal.edu.pt\/portal\/wp-content\/uploads\/2017\/11\/logotipo-TJPL.jpg 658w\" sizes=\"(max-width: 300px) 100vw, 300px\" \/><\/a><\/strong><\/p>\n<h4><\/h4>\n<h5 style=\"text-align: center;\"><span style=\"color: #333333;\"><strong>PROJETO LEITURAS INCLUSIVAS<\/strong><\/span><\/h5>\n<p>&#8220;Leituras Inclusivas&#8221; \u00e9 um projeto da equipa da Escola de Refer\u00eancia para a Educa\u00e7\u00e3o Bilingue (EREB) do Agrupamento de Escolas Amato Lusitano e tem como objetivos promover o acesso \u00e0 informa\u00e7\u00e3o atrav\u00e9s da L\u00edngua Gestual Portuguesa (LGP) e fomentar o gosto pela leitura. Pretende-se criar materiais pedag\u00f3gicos bilingues e\/ou em multiformato, de forma a potenciar a m\u00e1xima inclus\u00e3o de todos os alunos, traduzindo para LGP livros do Plano Nacional de Leitura, sugest\u00f5es de leitura para os diversos anos de escolaridade ou conte\u00fados das diversas disciplinas e, ainda, traduzir para LGP informa\u00e7\u00f5es relacionadas com o nosso Agrupamento bem como situa\u00e7\u00f5es\/temas da atualidade.<\/p>\n<p>&nbsp;<\/p>\n<h5 style=\"text-align: center;\"><span style=\"color: #333333;\"><strong>CONTOS &#8211; L\u00cdNGUA GESTUAL PORTUGUESA<\/strong><\/span><\/h5>\n<p>&nbsp;<\/p>\n<p><a href=\"http:\/\/aeal.edu.pt\/portal\/wp-content\/uploads\/2022\/03\/Adivinha-Quanto-Gosto-De-Ti.Final-compactado-1.m4v\" target=\"_blank\" rel=\"noopener\"><img decoding=\"async\" class=\"wp-image-5652 aligncenter\" src=\"http:\/\/aeal.edu.pt\/portal\/wp-content\/uploads\/2022\/03\/500x-264x300.jpg\" alt=\"\" width=\"187\" height=\"213\" srcset=\"http:\/\/aeal.edu.pt\/portal\/wp-content\/uploads\/2022\/03\/500x-264x300.jpg 264w, http:\/\/aeal.edu.pt\/portal\/wp-content\/uploads\/2022\/03\/500x.jpg 500w\" sizes=\"(max-width: 187px) 100vw, 187px\" \/><\/a><\/p>\n<p style=\"text-align: center;\"><strong><a href=\"http:\/\/aeal.edu.pt\/portal\/wp-content\/uploads\/2022\/03\/Adivinha-Quanto-Gosto-De-Ti.Final-compactado-1.m4v\" target=\"_blank\" rel=\"noopener\"><span style=\"color: #333333;\">Adivinha o quanto eu gosto de ti<\/span><\/a><\/strong><\/p>\n<p>&nbsp;<\/p>\n<p><a href=\"http:\/\/aeal.edu.pt\/portal\/wp-content\/uploads\/2022\/03\/O-Caldo-De-Pedra-Conto-Tradicional_comp.m4v\" target=\"_blank\" rel=\"noopener\"><img loading=\"lazy\" decoding=\"async\" class=\"wp-image-5653 aligncenter\" src=\"http:\/\/aeal.edu.pt\/portal\/wp-content\/uploads\/2022\/03\/images-225x224.jpg\" alt=\"\" width=\"142\" height=\"141\" srcset=\"http:\/\/aeal.edu.pt\/portal\/wp-content\/uploads\/2022\/03\/images.jpg 225w, http:\/\/aeal.edu.pt\/portal\/wp-content\/uploads\/2022\/03\/images-150x150.jpg 150w\" sizes=\"(max-width: 142px) 100vw, 142px\" \/><\/a><\/p>\n<p style=\"text-align: center;\"><span style=\"color: #333333;\"><a style=\"color: #333333;\" href=\"http:\/\/aeal.edu.pt\/portal\/wp-content\/uploads\/2022\/03\/O-Caldo-De-Pedra-Conto-Tradicional_comp.m4v\" target=\"_blank\" rel=\"noopener\"><strong>Conto Tradicional &#8211; O caldo de pedra<\/strong><\/a><\/span><\/p>\n<p>&nbsp;<\/p>\n<p style=\"text-align: center;\"><a href=\"http:\/\/aeal.edu.pt\/portal\/wp-content\/uploads\/2022\/03\/A-Aia.m4v\" target=\"_blank\" rel=\"noopener\"><strong><img loading=\"lazy\" decoding=\"async\" class=\"alignnone wp-image-5672\" src=\"http:\/\/aeal.edu.pt\/portal\/wp-content\/uploads\/2022\/03\/aia-194x300.jpg\" alt=\"\" width=\"166\" height=\"257\" srcset=\"http:\/\/aeal.edu.pt\/portal\/wp-content\/uploads\/2022\/03\/aia-194x300.jpg 194w, http:\/\/aeal.edu.pt\/portal\/wp-content\/uploads\/2022\/03\/aia.jpg 300w\" sizes=\"(max-width: 166px) 100vw, 166px\" \/><\/strong><\/a><\/p>\n<p style=\"text-align: center;\"><a href=\"http:\/\/aeal.edu.pt\/portal\/wp-content\/uploads\/2022\/03\/A-Aia.m4v\" target=\"_blank\" rel=\"noopener\"><span style=\"color: #333333;\"><strong>A Aia de E\u00e7a de Queir\u00f3s<\/strong><\/span><\/a><\/p>\n<p>&nbsp;<\/p>\n<p style=\"text-align: center;\"><strong><img loading=\"lazy\" decoding=\"async\" class=\"alignnone wp-image-5673\" src=\"http:\/\/aeal.edu.pt\/portal\/wp-content\/uploads\/2022\/03\/aul-escuro-211x300.jpg\" alt=\"\" width=\"161\" height=\"229\" srcset=\"http:\/\/aeal.edu.pt\/portal\/wp-content\/uploads\/2022\/03\/aul-escuro-211x300.jpg 211w, http:\/\/aeal.edu.pt\/portal\/wp-content\/uploads\/2022\/03\/aul-escuro.jpg 500w\" sizes=\"(max-width: 161px) 100vw, 161px\" \/><\/strong><\/p>\n<p style=\"text-align: center;\"><span style=\"color: #333333;\"><strong>Uma quest\u00e3o de azul escuro<\/strong><\/span><\/p>\n<p>&nbsp;<\/p>\n<p style=\"text-align: center;\"><strong><img loading=\"lazy\" decoding=\"async\" class=\"alignnone wp-image-5674\" src=\"http:\/\/aeal.edu.pt\/portal\/wp-content\/uploads\/2022\/03\/ungali-300x300.jpg\" alt=\"\" width=\"164\" height=\"164\" srcset=\"http:\/\/aeal.edu.pt\/portal\/wp-content\/uploads\/2022\/03\/ungali-300x300.jpg 300w, http:\/\/aeal.edu.pt\/portal\/wp-content\/uploads\/2022\/03\/ungali-150x150.jpg 150w, http:\/\/aeal.edu.pt\/portal\/wp-content\/uploads\/2022\/03\/ungali.jpg 500w\" sizes=\"(max-width: 164px) 100vw, 164px\" \/><\/strong><\/p>\n<p style=\"text-align: center;\"><span style=\"color: #333333;\"><strong>Ungali<\/strong><\/span><\/p>\n<p>&nbsp;<\/p>\n<h4><a href=\"http:\/\/aeal.edu.pt\/portal\/wp-content\/uploads\/2022\/05\/Gosto-de-ti.mp4\" target=\"_blank\" rel=\"noopener\"><img loading=\"lazy\" decoding=\"async\" class=\"size-medium wp-image-5766 aligncenter\" src=\"http:\/\/aeal.edu.pt\/portal\/wp-content\/uploads\/2022\/05\/Gosto-d-eti-170x202.jpg\" alt=\"\" width=\"170\" height=\"202\" \/><\/a><\/h4>\n<p style=\"text-align: center;\"><span style=\"color: #000000;\"><a style=\"color: #000000;\" href=\"http:\/\/aeal.edu.pt\/portal\/wp-content\/uploads\/2022\/05\/Gosto-de-ti.mp4\" target=\"_blank\" rel=\"noopener\"><strong>Gosto de ti<\/strong><\/a><\/span><\/p>\n<p>&nbsp;<\/p>\n<h5 style=\"text-align: center;\"><a href=\"http:\/\/aeal.edu.pt\/portal\/wp-content\/uploads\/2022\/05\/25-abril.mp4\" target=\"_blank\" rel=\"noopener\"><span style=\"color: #333333;\"><strong><img loading=\"lazy\" decoding=\"async\" class=\"alignnone wp-image-5765\" src=\"http:\/\/aeal.edu.pt\/portal\/wp-content\/uploads\/2022\/05\/red-carnations-gf11f39668_640-300x242.jpg\" alt=\"\" width=\"197\" height=\"159\" srcset=\"http:\/\/aeal.edu.pt\/portal\/wp-content\/uploads\/2022\/05\/red-carnations-gf11f39668_640-300x242.jpg 300w, http:\/\/aeal.edu.pt\/portal\/wp-content\/uploads\/2022\/05\/red-carnations-gf11f39668_640.jpg 640w\" sizes=\"(max-width: 197px) 100vw, 197px\" \/><\/strong><\/span><\/a><\/h5>\n<p style=\"text-align: center;\"><a href=\"http:\/\/aeal.edu.pt\/portal\/wp-content\/uploads\/2022\/05\/25-abril.mp4\" target=\"_blank\" rel=\"noopener\"><strong><span style=\"color: #000000;\">25 de abril<\/span><\/strong><\/a><\/p>\n<p>&nbsp;<\/p>\n<h5 style=\"text-align: center;\"><span style=\"color: #ffffff;\"><img loading=\"lazy\" decoding=\"async\" class=\"alignnone wp-image-5897\" src=\"http:\/\/aeal.edu.pt\/portal\/wp-content\/uploads\/2022\/07\/Imagem1-213x300.jpg\" alt=\"\" width=\"164\" height=\"231\" srcset=\"http:\/\/aeal.edu.pt\/portal\/wp-content\/uploads\/2022\/07\/Imagem1-213x300.jpg 213w, http:\/\/aeal.edu.pt\/portal\/wp-content\/uploads\/2022\/07\/Imagem1.jpg 500w\" sizes=\"(max-width: 164px) 100vw, 164px\" \/>r<\/span><\/h5>\n<p style=\"text-align: center;\"><span style=\"color: #000000;\"><a style=\"color: #000000;\" href=\"http:\/\/aeal.edu.pt\/portal\/wp-content\/uploads\/2022\/07\/Irma-ouves-o-azul-profundo-do-mar-comprimido-1.mp4\" target=\"_blank\" rel=\"noopener\"><strong>Irm\u00e3, ouves o azul profundo do mar?<\/strong><\/a><\/span><\/p>\n<p>&nbsp;<\/p>\n<p style=\"text-align: center;\"><span style=\"color: #000000;\"><a style=\"color: #000000;\" href=\"http:\/\/aeal.edu.pt\/portal\/wp-content\/uploads\/2022\/07\/Lizzie-a-formiga-vermelha.comprimido-1.mp4\" target=\"_blank\" rel=\"noopener\"><strong><img loading=\"lazy\" decoding=\"async\" class=\" wp-image-5900 aligncenter\" src=\"http:\/\/aeal.edu.pt\/portal\/wp-content\/uploads\/2022\/07\/Capturar-237x300.jpg\" alt=\"\" width=\"166\" height=\"211\" srcset=\"http:\/\/aeal.edu.pt\/portal\/wp-content\/uploads\/2022\/07\/Capturar-237x300.jpg 237w, http:\/\/aeal.edu.pt\/portal\/wp-content\/uploads\/2022\/07\/Capturar.jpg 274w\" sizes=\"(max-width: 166px) 100vw, 166px\" \/><\/strong><\/a><\/span><\/p>\n<p style=\"text-align: center;\"><span style=\"color: #000000;\"><a style=\"color: #000000;\" href=\"http:\/\/aeal.edu.pt\/portal\/wp-content\/uploads\/2022\/07\/Lizzie-a-formiga-vermelha.comprimido-1.mp4\" target=\"_blank\" rel=\"noopener\"><strong>Lizzie, a formiga vermelha<\/strong><\/a><\/span><\/p>\n<p style=\"text-align: center;\">Estiveram com aten\u00e7\u00e3o \u00e0 hist\u00f3ria?<\/p>\n<p style=\"text-align: center;\">Cliquem <a href=\"https:\/\/app.nearpod.com\/?pin=CQU97\" target=\"_blank\" rel=\"noopener\">aqui<\/a> e testem os vossos conhecimentos<\/p>\n<p>&nbsp;<\/p>\n<p><a href=\"http:\/\/aeal.edu.pt\/portal\/wp-content\/uploads\/2022\/11\/O-Passaro-da-Alma.mp4\" target=\"_blank\" rel=\"noopener\"><strong style=\"color: #000000; text-align: center;\"><img loading=\"lazy\" decoding=\"async\" class=\"wp-image-6068 aligncenter\" src=\"http:\/\/aeal.edu.pt\/portal\/wp-content\/uploads\/2022\/11\/O-Paaro-da-Alma-300x300.jpg\" alt=\"\" width=\"202\" height=\"202\" srcset=\"http:\/\/aeal.edu.pt\/portal\/wp-content\/uploads\/2022\/11\/O-Paaro-da-Alma-300x300.jpg 300w, http:\/\/aeal.edu.pt\/portal\/wp-content\/uploads\/2022\/11\/O-Paaro-da-Alma-150x150.jpg 150w, http:\/\/aeal.edu.pt\/portal\/wp-content\/uploads\/2022\/11\/O-Paaro-da-Alma.jpg 340w\" sizes=\"(max-width: 202px) 100vw, 202px\" \/><\/strong><\/a><\/p>\n<p style=\"text-align: center;\"><a href=\"http:\/\/aeal.edu.pt\/portal\/wp-content\/uploads\/2022\/11\/O-Passaro-da-Alma.mp4\" target=\"_blank\" rel=\"noopener\"><span style=\"color: #000000;\"><strong>O p\u00e1ssa<\/strong><strong>ro da alma<\/strong><\/span><\/a><\/p>\n<p>&nbsp;<\/p>\n<p style=\"text-align: center;\"><a href=\"http:\/\/aeal.edu.pt\/portal\/wp-content\/uploads\/2023\/02\/Quero-um-abraco.comprimido.mp4\" target=\"_blank\" rel=\"noopener\"><span style=\"color: #000000;\"><strong><img loading=\"lazy\" decoding=\"async\" class=\"alignnone wp-image-6314\" src=\"http:\/\/aeal.edu.pt\/portal\/wp-content\/uploads\/2023\/02\/file-300x300.jpg\" alt=\"\" width=\"170\" height=\"170\" srcset=\"http:\/\/aeal.edu.pt\/portal\/wp-content\/uploads\/2023\/02\/file-300x300.jpg 300w, http:\/\/aeal.edu.pt\/portal\/wp-content\/uploads\/2023\/02\/file-150x150.jpg 150w, http:\/\/aeal.edu.pt\/portal\/wp-content\/uploads\/2023\/02\/file.jpg 999w\" sizes=\"(max-width: 170px) 100vw, 170px\" \/><\/strong><\/span><\/a><\/p>\n<p style=\"text-align: center;\"><strong><a href=\"http:\/\/aeal.edu.pt\/portal\/wp-content\/uploads\/2023\/02\/Quero-um-abraco.comprimido.mp4\" target=\"_blank\" rel=\"noopener\"><span style=\"color: #000000;\">Quero um abra\u00e7o<\/span><\/a><\/strong><\/p>\n<p>&nbsp;<\/p>\n<p><span style=\"color: #ffffff;\">e<\/span><\/p>\n<p><span style=\"color: #ffffff;\">e<\/span><\/p>\n<h5 style=\"text-align: center;\"><span style=\"color: #333333;\"><strong>LIGA\u00c7\u00d5ES \u00daTEIS<\/strong><\/span><\/h5>\n<p><span style=\"color: #808080;\"><strong>PLIP &#8211; Projeto Leitura Inclusiva Partilhada<\/strong><\/span><\/p>\n<blockquote class=\"wp-embedded-content\" data-secret=\"2zpaMkOTV1\"><p><a href=\"https:\/\/plip.ipleiria.pt\/kits-access\/\"><!--:pt-->Montra<!--:--><\/a><\/p><\/blockquote>\n<p><iframe class=\"wp-embedded-content\" sandbox=\"allow-scripts\" security=\"restricted\" style=\"position: absolute; clip: rect(1px, 1px, 1px, 1px);\" title=\"&#8220;&lt;!--:pt--&gt;Montra&lt;!--:--&gt;&#8221; &#8212; Projeto de Leitura Inclusiva Partilhada\" src=\"https:\/\/plip.ipleiria.pt\/kits-access\/embed\/#?secret=mvvedJkFdO#?secret=2zpaMkOTV1\" data-secret=\"2zpaMkOTV1\" width=\"600\" height=\"338\" frameborder=\"0\" marginwidth=\"0\" marginheight=\"0\" scrolling=\"no\"><\/iframe><\/p>\n<blockquote class=\"wp-embedded-content\" data-secret=\"vrYuCZ6Er6\"><p><a href=\"https:\/\/plip.ipleiria.pt\/dinamizacao\/\"><!--:pt-->KITS PLIP<!--:--><\/a><\/p><\/blockquote>\n<p><iframe class=\"wp-embedded-content\" sandbox=\"allow-scripts\" security=\"restricted\" style=\"position: absolute; clip: rect(1px, 1px, 1px, 1px);\" title=\"&#8220;&lt;!--:pt--&gt;KITS PLIP&lt;!--:--&gt;&#8221; &#8212; Projeto de Leitura Inclusiva Partilhada\" src=\"https:\/\/plip.ipleiria.pt\/dinamizacao\/embed\/#?secret=tXlpoPQMmr#?secret=vrYuCZ6Er6\" data-secret=\"vrYuCZ6Er6\" width=\"600\" height=\"338\" frameborder=\"0\" marginwidth=\"0\" marginheight=\"0\" scrolling=\"no\"><\/iframe><\/p>\n<p><span style=\"color: #333333;\"><strong>Biblioteca Livros Digitais<\/strong><\/span><\/p>\n<p><a href=\"http:\/\/www.planonacionaldeleitura.gov.pt\/bibliotecadigital\/\">http:\/\/www.planonacionaldeleitura.gov.pt\/bibliotecadigital\/<\/a><\/p>\n<p><span style=\"color: #333333;\"><strong>Portal das Escolas<\/strong><\/span><\/p>\n<p><a href=\"http:\/\/aeal.edu.pt\/portal\/wp-content\/uploads\/2017\/11\/logotipo-TJPL.jpg\">\u200bhttps:\/\/www.portaldasescolas.pt\/portal\/server.pt\/community\/00_recursoseducativos\/259\u200b<\/a><\/p>\n<div><span style=\"color: #333333;\"><strong>Software e recursos NEE<\/strong><\/span><\/div>\n<div><a href=\"https:\/\/freewareneesite.wordpress.com\/diversos\/\">https:\/\/freewareneesite.wordpress.com\/diversos\/<\/a><\/div>\n<div><\/div>\n<div><\/div>\n<div><span style=\"color: #333333;\"><strong>Brochuras CRTIC Regi\u00e3o Centro<\/strong><\/span><\/div>\n<div><\/div>\n<div><a href=\"http:\/\/www.cfae-minerva.edu.pt\/pdf\/2015\/Gulbenkian\/Comunicacao_Aumentativa.pdf\">Comunica\u00e7\u00e3o Aumentativa<\/a><\/div>\n<div><\/div>\n<div><a href=\"https:\/\/iconline.ipleiria.pt\/bitstream\/10400.8\/1317\/1\/tecnologias-apoio.pdf\">Tecnologias de Apoio, Tecnologia para todos<\/a><\/div>\n<\/td>\n<\/tr>\n<\/tbody>\n<\/table>\n<p>&nbsp;<\/p>\n","protected":false},"excerpt":{"rendered":"<p>&nbsp; \u00a0 \u00a0 PROJETO LEITURAS INCLUSIVAS &#8220;Leituras Inclusivas&#8221; \u00e9 um projeto da equipa da Escola de Refer\u00eancia para a Educa\u00e7\u00e3o Bilingue (EREB) do Agrupamento de Escolas Amato Lusitano e tem como objetivos promover o acesso \u00e0 informa\u00e7\u00e3o atrav\u00e9s da L\u00edngua Gestual Portuguesa (LGP) e fomentar&nbsp;<a href=\"http:\/\/aeal.edu.pt\/portal\/2148-2\/\">&hellip;<\/a><\/p>\n","protected":false},"author":1,"featured_media":3140,"parent":0,"menu_order":0,"comment_status":"closed","ping_status":"closed","template":"","meta":{"footnotes":""},"class_list":["post-2148","page","type-page","status-publish","has-post-thumbnail","hentry","odd"],"_links":{"self":[{"href":"http:\/\/aeal.edu.pt\/portal\/wp-json\/wp\/v2\/pages\/2148","targetHints":{"allow":["GET"]}}],"collection":[{"href":"http:\/\/aeal.edu.pt\/portal\/wp-json\/wp\/v2\/pages"}],"about":[{"href":"http:\/\/aeal.edu.pt\/portal\/wp-json\/wp\/v2\/types\/page"}],"author":[{"embeddable":true,"href":"http:\/\/aeal.edu.pt\/portal\/wp-json\/wp\/v2\/users\/1"}],"replies":[{"embeddable":true,"href":"http:\/\/aeal.edu.pt\/portal\/wp-json\/wp\/v2\/comments?post=2148"}],"version-history":[{"count":44,"href":"http:\/\/aeal.edu.pt\/portal\/wp-json\/wp\/v2\/pages\/2148\/revisions"}],"predecessor-version":[{"id":6317,"href":"http:\/\/aeal.edu.pt\/portal\/wp-json\/wp\/v2\/pages\/2148\/revisions\/6317"}],"wp:featuredmedia":[{"embeddable":true,"href":"http:\/\/aeal.edu.pt\/portal\/wp-json\/wp\/v2\/media\/3140"}],"wp:attachment":[{"href":"http:\/\/aeal.edu.pt\/portal\/wp-json\/wp\/v2\/media?parent=2148"}],"curies":[{"name":"wp","href":"https:\/\/api.w.org\/{rel}","templated":true}]}}