{"id":2220,"date":"2018-01-17T11:43:29","date_gmt":"2018-01-17T11:43:29","guid":{"rendered":"http:\/\/aeal.edu.pt\/?page_id=2220"},"modified":"2018-01-17T11:43:29","modified_gmt":"2018-01-17T11:43:29","slug":"contactos-2-2","status":"publish","type":"page","link":"http:\/\/aeal.edu.pt\/portal\/contactos-2-2\/","title":{"rendered":"Contactos"},"content":{"rendered":"<p>[vc_row][vc_column][vc_column_text][wpgmza id=&#8221;1&#8243;]<\/p>\n<p>Escola Secund\u00e1ria de Amato Lusitano<\/p>\n<p>Av. Pedro \u00c1lvares Cabral<\/p>\n<p>6000- 085 Castelo Branco<\/p>\n<p>Tel.: 272339280<\/p>\n<p>&nbsp;<\/p>\n<p>EBI Jo\u00e3o Roiz<\/p>\n<p>A. Cidade de Zhuhai<\/p>\n<p>6000-077 Castelo Branco<\/p>\n<p>Tel.: 272349530<\/p>\n<p>&nbsp;<\/p>\n<p>EB Quinta da Granja<\/p>\n<p>Rua Dr. Henrique Carvalh\u00e3o<\/p>\n<p>6000-235 Castelo branco<\/p>\n<p>Tel.: 272326265<\/p>\n<p>&nbsp;<\/p>\n<p>EBJI do Valongo<\/p>\n<p>Bairro da N. Sra. do Valongo<\/p>\n<p>6000-363 Castelo Branco<\/p>\n<p>Tel.:272342870<\/p>\n<p>&nbsp;<\/p>\n<p>EBJI Cebolais de Cima e Retaxo<\/p>\n<p>Rua Benem\u00e9rito Jo\u00e3o Salavessa<\/p>\n<p>6000-500 Cebolais de Cima<\/p>\n<p>Tel: 272998125[\/vc_column_text][\/vc_column][\/vc_row][vc_row][vc_column][reveal][\/reveal][\/vc_column][\/vc_row]<\/p>\n","protected":false},"excerpt":{"rendered":"<p>[vc_row][vc_column][vc_column_text][wpgmza id=&#8221;1&#8243;] Escola Secund\u00e1ria de Amato Lusitano Av. Pedro \u00c1lvares Cabral 6000- 085 Castelo Branco Tel.: 272339280 &nbsp; EBI Jo\u00e3o Roiz A. Cidade de Zhuhai 6000-077 Castelo Branco Tel.: 272349530 &nbsp; EB Quinta da Granja Rua Dr. Henrique Carvalh\u00e3o 6000-235 Castelo branco Tel.: 272326265 &nbsp;&nbsp;<a href=\"http:\/\/aeal.edu.pt\/portal\/contactos-2-2\/\">&hellip;<\/a><\/p>\n","protected":false},"author":1,"featured_media":314,"parent":0,"menu_order":0,"comment_status":"closed","ping_status":"closed","template":"","meta":{"footnotes":""},"class_list":["post-2220","page","type-page","status-publish","has-post-thumbnail","hentry","odd"],"_links":{"self":[{"href":"http:\/\/aeal.edu.pt\/portal\/wp-json\/wp\/v2\/pages\/2220","targetHints":{"allow":["GET"]}}],"collection":[{"href":"http:\/\/aeal.edu.pt\/portal\/wp-json\/wp\/v2\/pages"}],"about":[{"href":"http:\/\/aeal.edu.pt\/portal\/wp-json\/wp\/v2\/types\/page"}],"author":[{"embeddable":true,"href":"http:\/\/aeal.edu.pt\/portal\/wp-json\/wp\/v2\/users\/1"}],"replies":[{"embeddable":true,"href":"http:\/\/aeal.edu.pt\/portal\/wp-json\/wp\/v2\/comments?post=2220"}],"version-history":[{"count":0,"href":"http:\/\/aeal.edu.pt\/portal\/wp-json\/wp\/v2\/pages\/2220\/revisions"}],"wp:featuredmedia":[{"embeddable":true,"href":"http:\/\/aeal.edu.pt\/portal\/wp-json\/wp\/v2\/media\/314"}],"wp:attachment":[{"href":"http:\/\/aeal.edu.pt\/portal\/wp-json\/wp\/v2\/media?parent=2220"}],"curies":[{"name":"wp","href":"https:\/\/api.w.org\/{rel}","templated":true}]}}