{"id":2260,"date":"2018-01-26T17:00:03","date_gmt":"2018-01-26T17:00:03","guid":{"rendered":"http:\/\/aeal.edu.pt\/?page_id=2260"},"modified":"2021-12-20T08:51:24","modified_gmt":"2021-12-20T08:51:24","slug":"desporto-escolar","status":"publish","type":"page","link":"http:\/\/aeal.edu.pt\/portal\/desporto-escolar\/","title":{"rendered":"Desporto Escolar"},"content":{"rendered":"<p>[vc_row][vc_column][vc_column_text]<img decoding=\"async\" class=\"size-medium wp-image-4940 aligncenter\" src=\"http:\/\/aeal.edu.pt\/portal\/wp-content\/uploads\/2021\/11\/de-300x123.png\" alt=\"\" width=\"300\" height=\"123\" srcset=\"http:\/\/aeal.edu.pt\/portal\/wp-content\/uploads\/2021\/11\/de-300x123.png 300w, http:\/\/aeal.edu.pt\/portal\/wp-content\/uploads\/2021\/11\/de.png 701w\" sizes=\"(max-width: 300px) 100vw, 300px\" \/><\/p>\n<p>O Desporto Escolar tem como miss\u00e3o estimular a pr\u00e1tica da atividade f\u00edsica e da forma\u00e7\u00e3o desportiva como meio de promo\u00e7\u00e3o do sucesso dos alunos, de estilos de vida saud\u00e1veis, de valores e princ\u00edpios associados a uma cidadania ativa.<\/p>\n<p>A atividade desportiva desenvolvida ao n\u00edvel do Desporto Escolar p\u00f5e em jogo potencialidades f\u00edsicas e psicol\u00f3gicas, que contribuem para o desenvolvimento global dos jovens, sendo um espa\u00e7o privilegiado para fomentar h\u00e1bitos saud\u00e1veis, compet\u00eancias sociais e valores morais, de entre os quais se destacam o esp\u00edrito de equipa, a disciplina e o respeito.<\/p>\n<p>No presente ano letivo o AEAL oferece aos alunos as seguintes modalidades: Atividades R\u00edtmicas e Expressivas, Badminton, Basquetebol, Boccia, Futsal, Nata\u00e7\u00e3o, T\u00e9nis, T\u00e9nis de Mesa e Xadrez. Pela primeira vez, integrado no Desporto Comunidade, Atividades R\u00edtmicas e Expressivas direcionadas para o pessoal docente e n\u00e3o docente, do AEAL.[\/vc_column_text][\/vc_column][\/vc_row]<\/p>\n","protected":false},"excerpt":{"rendered":"<p>[vc_row][vc_column][vc_column_text] O Desporto Escolar tem como miss\u00e3o estimular a pr\u00e1tica da atividade f\u00edsica e da forma\u00e7\u00e3o desportiva como meio de promo\u00e7\u00e3o do sucesso dos alunos, de estilos de vida saud\u00e1veis, de valores e princ\u00edpios associados a uma cidadania ativa. A atividade desportiva desenvolvida ao n\u00edvel&nbsp;<a href=\"http:\/\/aeal.edu.pt\/portal\/desporto-escolar\/\">&hellip;<\/a><\/p>\n","protected":false},"author":1,"featured_media":2273,"parent":0,"menu_order":0,"comment_status":"closed","ping_status":"closed","template":"","meta":{"footnotes":""},"class_list":["post-2260","page","type-page","status-publish","has-post-thumbnail","hentry","odd"],"_links":{"self":[{"href":"http:\/\/aeal.edu.pt\/portal\/wp-json\/wp\/v2\/pages\/2260","targetHints":{"allow":["GET"]}}],"collection":[{"href":"http:\/\/aeal.edu.pt\/portal\/wp-json\/wp\/v2\/pages"}],"about":[{"href":"http:\/\/aeal.edu.pt\/portal\/wp-json\/wp\/v2\/types\/page"}],"author":[{"embeddable":true,"href":"http:\/\/aeal.edu.pt\/portal\/wp-json\/wp\/v2\/users\/1"}],"replies":[{"embeddable":true,"href":"http:\/\/aeal.edu.pt\/portal\/wp-json\/wp\/v2\/comments?post=2260"}],"version-history":[{"count":3,"href":"http:\/\/aeal.edu.pt\/portal\/wp-json\/wp\/v2\/pages\/2260\/revisions"}],"predecessor-version":[{"id":5151,"href":"http:\/\/aeal.edu.pt\/portal\/wp-json\/wp\/v2\/pages\/2260\/revisions\/5151"}],"wp:featuredmedia":[{"embeddable":true,"href":"http:\/\/aeal.edu.pt\/portal\/wp-json\/wp\/v2\/media\/2273"}],"wp:attachment":[{"href":"http:\/\/aeal.edu.pt\/portal\/wp-json\/wp\/v2\/media?parent=2260"}],"curies":[{"name":"wp","href":"https:\/\/api.w.org\/{rel}","templated":true}]}}