{"id":376,"date":"2015-05-21T15:27:05","date_gmt":"2015-05-21T15:27:05","guid":{"rendered":"http:\/\/aeal.edu.pt\/?page_id=376"},"modified":"2015-05-21T15:27:05","modified_gmt":"2015-05-21T15:27:05","slug":"direcao-do-agrupamento-coordenacao","status":"publish","type":"page","link":"http:\/\/aeal.edu.pt\/portal\/direcao-do-agrupamento-coordenacao\/","title":{"rendered":"Dire\u00e7\u00e3o do Agrupamento \/ Coordena\u00e7\u00e3o"},"content":{"rendered":"<p>[vc_row][vc_column][vc_column_text css=&#8221;.vc_custom_1623751071546{padding-bottom: 2px !important;background-color: #ffffff !important;}&#8221;]<\/p>\n<ul>\n<li>Diretora: <strong>Prof\u00aa Maria Laurinda Sanches<\/strong><\/li>\n<li>Subdiretor: <strong>Prof. Jos\u00e9 Antunes<\/strong><\/li>\n<li>Adjunto do Diretora: <strong>Prof\u00aa\u00a0 Helena Lopes<\/strong><\/li>\n<li>Adjunto do Diretora: <strong>Prof\u00aa S\u00edlvila Barbosa<\/strong><\/li>\n<li>Adjunto do Diretora: <strong>Prof. V\u00edtor \u00c2ngelo<\/strong><\/li>\n<li>Assessor da Diretora <strong>Prof. Jos\u00e9 Reis<\/strong><\/li>\n<\/ul>\n<p>&nbsp;<\/p>\n<ul>\n<li>Coordenador de Estabelecimento na EBI Jo\u00e3o Roiz: <strong>Prof. Ant\u00f3nio Rosa<\/strong><\/li>\n<li>Coordenador da Escola EB1\/JI do Valongo: <strong>Prof. Jo\u00e3o Valadares<\/strong><\/li>\n<li>Coordenador da Escola EB1\/JI do Cebolais\/Retaxo: <strong>Prof\u00aa. Maria Gomes<\/strong><\/li>\n<li>Coordenador da Escola EB1 Quinta da Granja:<strong> Prof\u00aa. Maria Serrano<\/strong><\/li>\n<\/ul>\n<p>[\/vc_column_text][\/vc_column][\/vc_row]<\/p>\n","protected":false},"excerpt":{"rendered":"<p>[vc_row][vc_column][vc_column_text css=&#8221;.vc_custom_1623751071546{padding-bottom: 2px !important;background-color: #ffffff !important;}&#8221;] Diretora: Prof\u00aa Maria Laurinda Sanches Subdiretor: Prof. Jos\u00e9 Antunes Adjunto do Diretora: Prof\u00aa\u00a0 Helena Lopes Adjunto do Diretora: Prof\u00aa S\u00edlvila Barbosa Adjunto do Diretora: Prof. V\u00edtor \u00c2ngelo Assessor da Diretora Prof. Jos\u00e9 Reis &nbsp; Coordenador de Estabelecimento na EBI&nbsp;<a href=\"http:\/\/aeal.edu.pt\/portal\/direcao-do-agrupamento-coordenacao\/\">&hellip;<\/a><\/p>\n","protected":false},"author":1,"featured_media":419,"parent":0,"menu_order":0,"comment_status":"closed","ping_status":"closed","template":"","meta":{"footnotes":""},"class_list":["post-376","page","type-page","status-publish","has-post-thumbnail","hentry","odd"],"_links":{"self":[{"href":"http:\/\/aeal.edu.pt\/portal\/wp-json\/wp\/v2\/pages\/376","targetHints":{"allow":["GET"]}}],"collection":[{"href":"http:\/\/aeal.edu.pt\/portal\/wp-json\/wp\/v2\/pages"}],"about":[{"href":"http:\/\/aeal.edu.pt\/portal\/wp-json\/wp\/v2\/types\/page"}],"author":[{"embeddable":true,"href":"http:\/\/aeal.edu.pt\/portal\/wp-json\/wp\/v2\/users\/1"}],"replies":[{"embeddable":true,"href":"http:\/\/aeal.edu.pt\/portal\/wp-json\/wp\/v2\/comments?post=376"}],"version-history":[{"count":0,"href":"http:\/\/aeal.edu.pt\/portal\/wp-json\/wp\/v2\/pages\/376\/revisions"}],"wp:featuredmedia":[{"embeddable":true,"href":"http:\/\/aeal.edu.pt\/portal\/wp-json\/wp\/v2\/media\/419"}],"wp:attachment":[{"href":"http:\/\/aeal.edu.pt\/portal\/wp-json\/wp\/v2\/media?parent=376"}],"curies":[{"name":"wp","href":"https:\/\/api.w.org\/{rel}","templated":true}]}}