{"id":3791,"date":"2020-06-22T12:09:31","date_gmt":"2020-06-22T11:09:31","guid":{"rendered":"http:\/\/aeal.edu.pt\/?page_id=3791"},"modified":"2020-06-22T12:09:31","modified_gmt":"2020-06-22T11:09:31","slug":"servico-de-psicologia-e-orientacao","status":"publish","type":"page","link":"http:\/\/aeal.edu.pt\/portal\/servico-de-psicologia-e-orientacao\/","title":{"rendered":"Servi\u00e7o de Psicologia e Orienta\u00e7\u00e3o"},"content":{"rendered":"<p dir=\"ltr\"><span style=\"color: #000000; font-family: verdana, sans-serif;\">Considerando a situa\u00e7\u00e3o epidemiol\u00f3gica do pa\u00eds, e de acordo com as recomenda\u00e7\u00f5es emitidas pela DGS e pelas autoridades, o Servi\u00e7o de Psicologia e Orienta\u00e7\u00e3o do Agrupamento de Escolas Amato Lusitano ajustou a sua interven\u00e7\u00e3o \u00e0 nova realidade.\u00a0<\/span><\/p>\n<p dir=\"ltr\"><span style=\"color: #000000; font-family: verdana, sans-serif;\">Neste sentido, al\u00e9m das outras ac\u00e7\u00f5es j\u00e1 em curso, disponibilizar-se-\u00e1 \u00e0 comunidade educativa, neste espa\u00e7o, informa\u00e7\u00e3o de interesse.\u00a0\u00a0<\/span><\/p>\n<p><span style=\"color: #000000; font-family: verdana, sans-serif;\">Para mais informa\u00e7\u00f5es e\/ou entrar em contacto diretamente com o Servi\u00e7o de Psicologia e Orienta\u00e7\u00e3o, por favor contacte: 272 339 280, pedindo o encaminhamento para o referido servi\u00e7o.<\/span><\/p>\n<hr \/>\n<p dir=\"ltr\"><strong><span style=\"font-family: verdana, sans-serif;\">Informa\u00e7\u00f5es<\/span><\/strong><\/p>\n<p>[download id=&#8221;3884&#8243;]<br \/>\n[download id=&#8221;3887&#8243;]<br \/>\n[download id=&#8221;3890&#8243;]<br \/>\n[download id=&#8221;3893&#8243;]<br \/>\n[download id=&#8221;3893&#8243;]<br \/>\n[download id=&#8221;3899&#8243;]<br \/>\n[download id=&#8221;3902&#8243;]<br \/>\n[download id=&#8221;3905&#8243;]<br \/>\n[download id=&#8221;3908&#8243;]<br \/>\n[download id=&#8221;3911&#8243;]<br \/>\n[download id=&#8221;3914&#8243;]<br \/>\n[download id=&#8221;3920&#8243;]<br \/>\n[download id=&#8221;3923&#8243;]<br \/>\n[download id=&#8221;3926&#8243;]<br \/>\n[download id=&#8221;3929&#8243;]<br \/>\n[download id=&#8221;3932&#8243;]<br \/>\n[download id=&#8221;3935&#8243;]<br \/>\n[download id=&#8221;3941&#8243;]<br \/>\n[download id=&#8221;3944&#8243;]<\/p>\n<hr \/>\n<p>&nbsp;<\/p>\n<p dir=\"ltr\"><strong><span style=\"font-family: verdana, sans-serif;\">Orienta\u00e7\u00e3o Escolar e Profissional<\/span><\/strong><\/p>\n<ul>\n<li dir=\"ltr\">\n<p dir=\"ltr\"><a href=\"https:\/\/www.inspiringfuture.pt\/registo-feira\" target=\"_blank\" rel=\"noopener noreferrer\" data-saferedirecturl=\"https:\/\/www.google.com\/url?q=https:\/\/www.inspiringfuture.pt\/registo-feira&amp;source=gmail&amp;ust=1592909924867000&amp;usg=AFQjCNHW6Ziz9xS_lGNLbYouEgnPMWgu7w\"><span style=\"font-family: verdana, sans-serif;\">https:\/\/www.inspiringfuture.<wbr \/>pt\/registo-feira<\/span><\/a><\/p>\n<\/li>\n<\/ul>\n<p>&nbsp;<\/p>\n","protected":false},"excerpt":{"rendered":"<p>Considerando a situa\u00e7\u00e3o epidemiol\u00f3gica do pa\u00eds, e de acordo com as recomenda\u00e7\u00f5es emitidas pela DGS e pelas autoridades, o Servi\u00e7o de Psicologia e Orienta\u00e7\u00e3o do Agrupamento de Escolas Amato Lusitano ajustou a sua interven\u00e7\u00e3o \u00e0 nova realidade.\u00a0 Neste sentido, al\u00e9m das outras ac\u00e7\u00f5es j\u00e1 em&nbsp;<a href=\"http:\/\/aeal.edu.pt\/portal\/servico-de-psicologia-e-orientacao\/\">&hellip;<\/a><\/p>\n","protected":false},"author":1,"featured_media":3882,"parent":0,"menu_order":0,"comment_status":"closed","ping_status":"closed","template":"","meta":{"footnotes":""},"class_list":["post-3791","page","type-page","status-publish","has-post-thumbnail","hentry","odd"],"_links":{"self":[{"href":"http:\/\/aeal.edu.pt\/portal\/wp-json\/wp\/v2\/pages\/3791","targetHints":{"allow":["GET"]}}],"collection":[{"href":"http:\/\/aeal.edu.pt\/portal\/wp-json\/wp\/v2\/pages"}],"about":[{"href":"http:\/\/aeal.edu.pt\/portal\/wp-json\/wp\/v2\/types\/page"}],"author":[{"embeddable":true,"href":"http:\/\/aeal.edu.pt\/portal\/wp-json\/wp\/v2\/users\/1"}],"replies":[{"embeddable":true,"href":"http:\/\/aeal.edu.pt\/portal\/wp-json\/wp\/v2\/comments?post=3791"}],"version-history":[{"count":0,"href":"http:\/\/aeal.edu.pt\/portal\/wp-json\/wp\/v2\/pages\/3791\/revisions"}],"wp:featuredmedia":[{"embeddable":true,"href":"http:\/\/aeal.edu.pt\/portal\/wp-json\/wp\/v2\/media\/3882"}],"wp:attachment":[{"href":"http:\/\/aeal.edu.pt\/portal\/wp-json\/wp\/v2\/media?parent=3791"}],"curies":[{"name":"wp","href":"https:\/\/api.w.org\/{rel}","templated":true}]}}