{"id":4833,"date":"2021-11-16T15:45:12","date_gmt":"2021-11-16T15:45:12","guid":{"rendered":"http:\/\/aeal.edu.pt\/portal\/?page_id=4833"},"modified":"2025-04-21T11:29:57","modified_gmt":"2025-04-21T10:29:57","slug":"direcao","status":"publish","type":"page","link":"http:\/\/aeal.edu.pt\/portal\/direcao\/","title":{"rendered":"Dire\u00e7\u00e3o"},"content":{"rendered":"<h2><span class=\"label-blue\">Diretor<\/span><\/h2>\n<p>Carlos Barata de Almeida<\/p>\n<p>&nbsp;<\/p>\n<h2><span class=\"label-blue\">Subdiretor<\/span><\/h2>\n<p>Jo\u00e3o Pedro Caiscais Garcia Teles<\/p>\n<p>&nbsp;<\/p>\n<h2><span class=\"label-blue\">Adjuntos<\/span><\/h2>\n<p>Alexandra Sofia Fazenda Abrantes do Carmo Nat\u00e1rio<\/p>\n<p>Catarina de Jesus Martins Dias<\/p>\n<p>V\u00edtor Hugo Brito Alves \u00c2ngelo<\/p>\n<p>&nbsp;<\/p>\n","protected":false},"excerpt":{"rendered":"<p>Diretor Carlos Barata de Almeida &nbsp; Subdiretor Jo\u00e3o Pedro Caiscais Garcia Teles &nbsp; Adjuntos Alexandra Sofia Fazenda Abrantes do Carmo Nat\u00e1rio Catarina de Jesus Martins Dias V\u00edtor Hugo Brito Alves \u00c2ngelo &nbsp;<\/p>\n","protected":false},"author":1,"featured_media":0,"parent":0,"menu_order":0,"comment_status":"closed","ping_status":"closed","template":"","meta":{"footnotes":""},"class_list":["post-4833","page","type-page","status-publish","hentry","odd"],"_links":{"self":[{"href":"http:\/\/aeal.edu.pt\/portal\/wp-json\/wp\/v2\/pages\/4833","targetHints":{"allow":["GET"]}}],"collection":[{"href":"http:\/\/aeal.edu.pt\/portal\/wp-json\/wp\/v2\/pages"}],"about":[{"href":"http:\/\/aeal.edu.pt\/portal\/wp-json\/wp\/v2\/types\/page"}],"author":[{"embeddable":true,"href":"http:\/\/aeal.edu.pt\/portal\/wp-json\/wp\/v2\/users\/1"}],"replies":[{"embeddable":true,"href":"http:\/\/aeal.edu.pt\/portal\/wp-json\/wp\/v2\/comments?post=4833"}],"version-history":[{"count":4,"href":"http:\/\/aeal.edu.pt\/portal\/wp-json\/wp\/v2\/pages\/4833\/revisions"}],"predecessor-version":[{"id":7776,"href":"http:\/\/aeal.edu.pt\/portal\/wp-json\/wp\/v2\/pages\/4833\/revisions\/7776"}],"wp:attachment":[{"href":"http:\/\/aeal.edu.pt\/portal\/wp-json\/wp\/v2\/media?parent=4833"}],"curies":[{"name":"wp","href":"https:\/\/api.w.org\/{rel}","templated":true}]}}