{"id":4835,"date":"2021-11-16T15:46:20","date_gmt":"2021-11-16T15:46:20","guid":{"rendered":"http:\/\/aeal.edu.pt\/portal\/?page_id=4835"},"modified":"2025-09-29T17:24:22","modified_gmt":"2025-09-29T16:24:22","slug":"conselho-pedagogico-2","status":"publish","type":"page","link":"http:\/\/aeal.edu.pt\/portal\/conselho-pedagogico-2\/","title":{"rendered":"Conselho Pedag\u00f3gico"},"content":{"rendered":"<h2><strong>CONSELHO PEDAG\u00d3GICO<\/strong><\/h2>\n<p>&nbsp;<\/p>\n<table width=\"541\">\n<tbody>\n<tr>\n<td width=\"389\"><strong>CARGO<\/strong><\/td>\n<td width=\"153\"><strong>NOME<\/strong><\/td>\n<\/tr>\n<tr>\n<td width=\"389\">Diretora\/ Presidente Conselho Pedag\u00f3gico<\/td>\n<td width=\"153\">Carlos Almeida<\/td>\n<\/tr>\n<tr>\n<td width=\"389\">Coordenador Departamento Pr\u00e9-Escolar e 1\u00ba Ciclo<\/td>\n<td width=\"153\">Paula Pais<\/td>\n<\/tr>\n<tr>\n<td width=\"389\">Coordenador Departamento L\u00ednguas<\/td>\n<td width=\"153\">M.a Lu\u00eds Belo<\/td>\n<\/tr>\n<tr>\n<td width=\"389\">Coordenador Departamento Matem\u00e1tica e Inform\u00e1tica<\/td>\n<td width=\"153\">Helena Pinho<\/td>\n<\/tr>\n<tr>\n<td width=\"389\">Coordenador Departamento Ci\u00eancias Sociais Humanas<\/td>\n<td width=\"153\">M.a Helena Lopes<\/td>\n<\/tr>\n<tr>\n<td width=\"389\">Coordenador Departamento de Express\u00f5es<\/td>\n<td width=\"153\">Rafael Belo<\/td>\n<\/tr>\n<tr>\n<td width=\"389\">Coordenador Departamento Ci\u00eancias Experimentais<\/td>\n<td width=\"153\">Isilda Louren\u00e7o<\/td>\n<\/tr>\n<tr>\n<td width=\"389\">Coordenador Departamento da Educa\u00e7\u00e3o Especial<\/td>\n<td width=\"153\">Isaura Duarte<\/td>\n<\/tr>\n<tr>\n<td width=\"389\">Representante dos Coordenadores de Estabelecimento<\/td>\n<td width=\"153\">Paula Tavares<\/td>\n<\/tr>\n<tr>\n<td width=\"389\">Coordenadora da Biblioteca Escolar<\/td>\n<td width=\"153\">Raquel Afonso<\/td>\n<\/tr>\n<tr>\n<td width=\"389\">Coordenador do Ensino Profissional<\/td>\n<td width=\"153\">Nuno Monteiro<\/td>\n<\/tr>\n<tr>\n<td width=\"389\">Coordenadora dos Diretores de Turma \u2013 2\u00ba Ciclo<\/td>\n<td width=\"153\">Elisabete Casimiro<\/td>\n<\/tr>\n<tr>\n<td width=\"389\">Coordenadora dos Diretores de Turma \u2013 3\u00ba Ciclo<\/td>\n<td width=\"153\">Rita Carmo<\/td>\n<\/tr>\n<tr>\n<td width=\"389\">Coordenadora dos Diretores de Turma &#8211; Secund\u00e1rio<\/td>\n<td width=\"153\">Andreia Mateus<\/td>\n<\/tr>\n<tr>\n<td width=\"389\">Coordenador dos Diretores de Turma &#8211; Profissional<\/td>\n<td width=\"153\">Gra\u00e7a Dias<\/td>\n<\/tr>\n<tr>\n<td width=\"389\">Coordenador do Gabinete de Apoio ao Aluno<\/td>\n<td width=\"153\">Teresa Saraiva<\/td>\n<\/tr>\n<tr>\n<td width=\"389\">Coordenador do Gabinete de Projetos Educativos<\/td>\n<td width=\"153\">Ana Ruivo<\/td>\n<\/tr>\n<\/tbody>\n<\/table>\n","protected":false},"excerpt":{"rendered":"<p>CONSELHO PEDAG\u00d3GICO &nbsp; CARGO NOME Diretora\/ Presidente Conselho Pedag\u00f3gico Carlos Almeida Coordenador Departamento Pr\u00e9-Escolar e 1\u00ba Ciclo Paula Pais Coordenador Departamento L\u00ednguas M.a Lu\u00eds Belo Coordenador Departamento Matem\u00e1tica e Inform\u00e1tica Helena Pinho Coordenador Departamento Ci\u00eancias Sociais Humanas M.a Helena Lopes Coordenador Departamento de Express\u00f5es Rafael&nbsp;<a href=\"http:\/\/aeal.edu.pt\/portal\/conselho-pedagogico-2\/\">&hellip;<\/a><\/p>\n","protected":false},"author":1,"featured_media":0,"parent":0,"menu_order":0,"comment_status":"closed","ping_status":"closed","template":"","meta":{"footnotes":""},"class_list":["post-4835","page","type-page","status-publish","hentry","odd"],"_links":{"self":[{"href":"http:\/\/aeal.edu.pt\/portal\/wp-json\/wp\/v2\/pages\/4835","targetHints":{"allow":["GET"]}}],"collection":[{"href":"http:\/\/aeal.edu.pt\/portal\/wp-json\/wp\/v2\/pages"}],"about":[{"href":"http:\/\/aeal.edu.pt\/portal\/wp-json\/wp\/v2\/types\/page"}],"author":[{"embeddable":true,"href":"http:\/\/aeal.edu.pt\/portal\/wp-json\/wp\/v2\/users\/1"}],"replies":[{"embeddable":true,"href":"http:\/\/aeal.edu.pt\/portal\/wp-json\/wp\/v2\/comments?post=4835"}],"version-history":[{"count":12,"href":"http:\/\/aeal.edu.pt\/portal\/wp-json\/wp\/v2\/pages\/4835\/revisions"}],"predecessor-version":[{"id":8102,"href":"http:\/\/aeal.edu.pt\/portal\/wp-json\/wp\/v2\/pages\/4835\/revisions\/8102"}],"wp:attachment":[{"href":"http:\/\/aeal.edu.pt\/portal\/wp-json\/wp\/v2\/media?parent=4835"}],"curies":[{"name":"wp","href":"https:\/\/api.w.org\/{rel}","templated":true}]}}