{"id":4839,"date":"2021-11-16T15:48:06","date_gmt":"2021-11-16T15:48:06","guid":{"rendered":"http:\/\/aeal.edu.pt\/portal\/?page_id=4839"},"modified":"2024-01-28T22:57:41","modified_gmt":"2024-01-28T22:57:41","slug":"associacao-de-pais","status":"publish","type":"page","link":"http:\/\/aeal.edu.pt\/portal\/associacao-de-pais\/","title":{"rendered":"Associa\u00e7\u00e3o de Pais"},"content":{"rendered":"<h2>Associa\u00e7\u00e3o de Pais<\/h2>\n<p>&nbsp;<\/p>\n<p><strong>Assembleia Geral<\/strong><\/p>\n<p>Presidente: Maria do C\u00e9u Cardoso;<\/p>\n<p>1.\u00ba Secret\u00e1rio: Ac\u00e1cio Farinha;<\/p>\n<p>2.\u00ba Secret\u00e1rio: Sandra Duarte.<\/p>\n<p>&nbsp;<\/p>\n<p><strong>Conselho Executivo<\/strong><\/p>\n<p>Presidente: Bruno Vilela;<\/p>\n<p>Vice-Presidente: Gon\u00e7alo Eduardo;<\/p>\n<p>Tesoureiro: T\u00e2nia Silva;<\/p>\n<p>Secret\u00e1rio: S\u00e9rgio Almeida;<\/p>\n<p>Vogal: S\u00edlvia Ferr\u00e1z.<\/p>\n<p>&nbsp;<\/p>\n<p><strong>Conselho Fiscal:<\/strong><\/p>\n<p>Presidente: Luc\u00e9lia Pires;<\/p>\n<p>1.\u00ba Secret\u00e1rio: Cl\u00e1udia Lobo;<\/p>\n<p>2.\u00ba Secret\u00e1rio: Raquel Barg\u00e3o.<\/p>\n<p>&nbsp;<\/p>\n<p>Contacto &#8211; <a href=\"mailto:ass.pais.aeal@gmail.com\" target=\"_blank\" rel=\"noopener\">ass.pais.aeal@gmail.com<\/a><\/p>\n","protected":false},"excerpt":{"rendered":"<p>Associa\u00e7\u00e3o de Pais &nbsp; Assembleia Geral Presidente: Maria do C\u00e9u Cardoso; 1.\u00ba Secret\u00e1rio: Ac\u00e1cio Farinha; 2.\u00ba Secret\u00e1rio: Sandra Duarte. &nbsp; Conselho Executivo Presidente: Bruno Vilela; Vice-Presidente: Gon\u00e7alo Eduardo; Tesoureiro: T\u00e2nia Silva; Secret\u00e1rio: S\u00e9rgio Almeida; Vogal: S\u00edlvia Ferr\u00e1z. &nbsp; Conselho Fiscal: Presidente: Luc\u00e9lia Pires; 1.\u00ba Secret\u00e1rio:&nbsp;<a href=\"http:\/\/aeal.edu.pt\/portal\/associacao-de-pais\/\">&hellip;<\/a><\/p>\n","protected":false},"author":1,"featured_media":0,"parent":0,"menu_order":0,"comment_status":"closed","ping_status":"closed","template":"","meta":{"footnotes":""},"class_list":["post-4839","page","type-page","status-publish","hentry","odd"],"_links":{"self":[{"href":"http:\/\/aeal.edu.pt\/portal\/wp-json\/wp\/v2\/pages\/4839","targetHints":{"allow":["GET"]}}],"collection":[{"href":"http:\/\/aeal.edu.pt\/portal\/wp-json\/wp\/v2\/pages"}],"about":[{"href":"http:\/\/aeal.edu.pt\/portal\/wp-json\/wp\/v2\/types\/page"}],"author":[{"embeddable":true,"href":"http:\/\/aeal.edu.pt\/portal\/wp-json\/wp\/v2\/users\/1"}],"replies":[{"embeddable":true,"href":"http:\/\/aeal.edu.pt\/portal\/wp-json\/wp\/v2\/comments?post=4839"}],"version-history":[{"count":6,"href":"http:\/\/aeal.edu.pt\/portal\/wp-json\/wp\/v2\/pages\/4839\/revisions"}],"predecessor-version":[{"id":7020,"href":"http:\/\/aeal.edu.pt\/portal\/wp-json\/wp\/v2\/pages\/4839\/revisions\/7020"}],"wp:attachment":[{"href":"http:\/\/aeal.edu.pt\/portal\/wp-json\/wp\/v2\/media?parent=4839"}],"curies":[{"name":"wp","href":"https:\/\/api.w.org\/{rel}","templated":true}]}}