{"id":5015,"date":"2021-11-23T15:27:32","date_gmt":"2021-11-23T15:27:32","guid":{"rendered":"http:\/\/aeal.edu.pt\/portal\/?page_id=5015"},"modified":"2025-09-22T19:05:06","modified_gmt":"2025-09-22T18:05:06","slug":"escola-digital-informacoes","status":"publish","type":"page","link":"http:\/\/aeal.edu.pt\/portal\/escola-digital-informacoes\/","title":{"rendered":"Escola Digital &#8211; Informa\u00e7\u00f5es"},"content":{"rendered":"<p><strong>HOR\u00c1RIO<\/strong><\/p>\n<p data-start=\"97\" data-end=\"250\">Informamos que o atendimento da <strong data-start=\"129\" data-end=\"147\">Escola Digital<\/strong> realiza-se \u00e0s <strong data-start=\"162\" data-end=\"180\">quartas-feiras<\/strong>, no seguinte hor\u00e1rio:<br data-start=\"202\" data-end=\"205\" \/>\ud83d\udd64 <strong data-start=\"208\" data-end=\"225\">09h30 \u2013 13h00<\/strong><br data-start=\"225\" data-end=\"228\" \/>\ud83d\udd5d <strong data-start=\"231\" data-end=\"248\" data-is-only-node=\"\">14h30 \u2013 17h30<\/strong><\/p>\n<p data-start=\"252\" data-end=\"483\">Na impossibilidade de se deslocar dentro deste hor\u00e1rio, dever\u00e1 entrar em contacto com o Agrupamento para <strong data-start=\"357\" data-end=\"401\">agendar previamente uma hora alternativa<\/strong>, atrav\u00e9s do telefone ou do email:<br data-start=\"435\" data-end=\"438\" \/>\ud83d\udce7 <strong data-start=\"441\" data-end=\"481\"><a class=\"decorated-link cursor-pointer\" rel=\"noopener\" data-start=\"443\" data-end=\"479\">escoladigital@aeamatolusitano.edu.pt<\/a><\/strong><\/p>\n<p><strong>INTRODU\u00c7\u00c3O<\/strong><\/p>\n<p>O programa Escola Digital \u00e9 uma das iniciativas do Plano de A\u00e7\u00e3o para a Transi\u00e7\u00e3o Digital e disp\u00f5e de uma elevada dota\u00e7\u00e3o or\u00e7amental para viabilizar a digitaliza\u00e7\u00e3o do ensino e das escolas, compreendendo n\u00e3o apenas a distribui\u00e7\u00e3o de computadores mas tamb\u00e9m a forma\u00e7\u00e3o de professores e a digitaliza\u00e7\u00e3o de manuais escolares. A abordagem privilegia a mobilidade e n\u00e3o uma utiliza\u00e7\u00e3o centrada apenas nas salas de aula.<\/p>\n<p>O pressuposto subjacente a este programa \u00e9 o de que a tecnologia pode produzir um impacto significativo no ensino e na aprendizagem, o que se repercutir\u00e1 numa melhor prepara\u00e7\u00e3o dos alunos para um mundo que est\u00e1, ele pr\u00f3prio, inegavelmente orientado para a tecnologia.<\/p>\n<p><strong>Operacionaliza\u00e7\u00e3o<\/strong><\/p>\n<p>O programa assenta em quatro pilares (equipamentos, conetividade, capacita\u00e7\u00e3o dos professores e recursos pedag\u00f3gicos digitais), dos quais aqui se destacam o acesso a equipamentos e a conetividade. Inicia-se com a atribui\u00e7\u00e3o destes aos alunos do escal\u00e3o A, B e C, que frequentam o ensino b\u00e1sico, secund\u00e1rio e aos docentes, de acordo com as prioridades definidas. Ser\u00e3o distribu\u00eddos 2 kits: o kit do computador e o kit da conetividade. Estes kits s\u00e3o compostos por um computador port\u00e1til (de caracter\u00edsticas distintas consoante o n\u00edvel de escolaridade), auscultadores com microfone, uma mochila, um hotspot de internet e um cart\u00e3o SIM para liga\u00e7\u00e3o \u00e0 rede m\u00f3vel. O acesso \u00e0 internet est\u00e1 ajustado a uma utiliza\u00e7\u00e3o respons\u00e1vel em contexto educativo.<\/p>\n<p>A Secretaria Geral da Educa\u00e7\u00e3o e Ci\u00eancia (SGEC) \u00e9 a entidade respons\u00e1vel pelo fornecimento dos equipamentos aos Agrupamentos de Escolas que, por sua vez, ficam encarregues de ceder aos alunos o direito de utiliza\u00e7\u00e3o tempor\u00e1ria e gratuita de equipamentos inform\u00e1ticos, conetividade e servi\u00e7os conexos, no \u00e2mbito da execu\u00e7\u00e3o da medida \u00abUniversaliza\u00e7\u00e3o da Escola Digital\u00bb, na qualidade de comodat\u00e1rios.<\/p>\n<p>Todo este processo requer a entrega do equipamento na escola sede do Agrupamento, que proceder\u00e1 \u00e0 sua ced\u00eancia mediante a assinatura de um Auto de Entrega pelo Encarregado de Educa\u00e7\u00e3o do aluno ou pelo docente. Os equipamentos s\u00e3o distribu\u00eddos aos alunos, a t\u00edtulo de empr\u00e9stimo, at\u00e9 ao final de cada ciclo de estudos (1.\u00ba ciclo \u2013 devolu\u00e7\u00e3o do equipamento no final do 4.\u00ba ano; 2.\u00ba\/3.\u00ba ciclos \u2013 devolu\u00e7\u00e3o do equipamento no final do 9.\u00ba ano; Secund\u00e1rio &#8211; devolu\u00e7\u00e3o do equipamento no final do 12.\u00ba ano) e apenas durante a sua perman\u00eancia no agrupamento. A devolu\u00e7\u00e3o dos Kits dever\u00e1 ocorrer sempre que os alunos e os respetivos Encarregados de Educa\u00e7\u00e3o forem informados para o efeito.<\/p>\n<p>Os docentes devem devolver o kit sempre que saiam do agrupamento.<\/p>\n<p>As tipologias dos computadores est\u00e3o definidas consoante o n\u00edvel de ensino, nomeadamente: o Tipo I: 1\u00ba ciclo do ensino b\u00e1sico; o Tipo II: 2\u00ba e 3\u00ba ciclos do ensino b\u00e1sico; o Tipo III: ensino secund\u00e1rio.<\/p>\n<p>Todas as quest\u00f5es relacionadas com este programa dever\u00e3o ser direcionadas para o email: escoladigital@aeamatolusitano.edu.pt.<\/p>\n<p>Aquando da entrega dos Kits, aos Encarregados de Educa\u00e7\u00e3o, ser\u00e3o dadas todas as informa\u00e7\u00f5es relativas \u00e0 sua utiliza\u00e7\u00e3o, assim como a indica\u00e7\u00e3o de que \u00e9 obrigat\u00f3rio o seu uso sempre que o professor o solicite. O Hotspot (internet) dever\u00e1 ser utilizado exclusivamente na atividade escolar, inclusivamente, na sala de aula presencial.<\/p>\n<p>Os alunos n\u00e3o podem emprestar o equipamento e, em caso de roubo ou extravio, o Encarregado de Educa\u00e7\u00e3o dever\u00e1 fazer o auto de ocorr\u00eancia imediatamente junto das entidades competentes e dos servi\u00e7os do Agrupamento.<\/p>\n<p>Caso se verifique o uso abusivo ou incorreto do equipamento, este pode ser retirado ao aluno.<\/p>\n<p><strong>AJUDA R\u00c1PIDA<\/strong><\/p>\n<p><strong>Roubo ou Perda:<\/strong> Informar com urg\u00eancia o Agrupamento e a PSP<br \/>\n<strong>Avaria:<\/strong> Enviar email para o suporte do agrupamento<br \/>\n<strong>Perda da Password:<\/strong> Enviar email para o suporte do agrupamento<br \/>\n<strong>Dificuldades t\u00e9cnicas:<\/strong> Consulta as perguntas frequentes<br \/>\n<strong>Tutoriais:<\/strong> Acede aos Tutoriais<\/p>\n","protected":false},"excerpt":{"rendered":"<p>HOR\u00c1RIO Informamos que o atendimento da Escola Digital realiza-se \u00e0s quartas-feiras, no seguinte hor\u00e1rio:\ud83d\udd64 09h30 \u2013 13h00\ud83d\udd5d 14h30 \u2013 17h30 Na impossibilidade de se deslocar dentro deste hor\u00e1rio, dever\u00e1 entrar em contacto com o Agrupamento para agendar previamente uma hora alternativa, atrav\u00e9s do telefone ou&nbsp;<a href=\"http:\/\/aeal.edu.pt\/portal\/escola-digital-informacoes\/\">&hellip;<\/a><\/p>\n","protected":false},"author":1,"featured_media":0,"parent":0,"menu_order":0,"comment_status":"closed","ping_status":"closed","template":"","meta":{"footnotes":""},"class_list":["post-5015","page","type-page","status-publish","hentry","odd"],"_links":{"self":[{"href":"http:\/\/aeal.edu.pt\/portal\/wp-json\/wp\/v2\/pages\/5015","targetHints":{"allow":["GET"]}}],"collection":[{"href":"http:\/\/aeal.edu.pt\/portal\/wp-json\/wp\/v2\/pages"}],"about":[{"href":"http:\/\/aeal.edu.pt\/portal\/wp-json\/wp\/v2\/types\/page"}],"author":[{"embeddable":true,"href":"http:\/\/aeal.edu.pt\/portal\/wp-json\/wp\/v2\/users\/1"}],"replies":[{"embeddable":true,"href":"http:\/\/aeal.edu.pt\/portal\/wp-json\/wp\/v2\/comments?post=5015"}],"version-history":[{"count":5,"href":"http:\/\/aeal.edu.pt\/portal\/wp-json\/wp\/v2\/pages\/5015\/revisions"}],"predecessor-version":[{"id":8079,"href":"http:\/\/aeal.edu.pt\/portal\/wp-json\/wp\/v2\/pages\/5015\/revisions\/8079"}],"wp:attachment":[{"href":"http:\/\/aeal.edu.pt\/portal\/wp-json\/wp\/v2\/media?parent=5015"}],"curies":[{"name":"wp","href":"https:\/\/api.w.org\/{rel}","templated":true}]}}