{"id":5095,"date":"2021-12-16T15:24:03","date_gmt":"2021-12-16T15:24:03","guid":{"rendered":"http:\/\/aeal.edu.pt\/portal\/?page_id=5095"},"modified":"2025-03-06T09:31:43","modified_gmt":"2025-03-06T09:31:43","slug":"horario-dos-servicos","status":"publish","type":"page","link":"http:\/\/aeal.edu.pt\/portal\/horario-dos-servicos\/","title":{"rendered":"Hor\u00e1rio dos Servi\u00e7os"},"content":{"rendered":"<h2>Hor\u00e1rio dos Servi\u00e7os<\/h2>\n<h3>Servi\u00e7os Administrativos<\/h3>\n<p><strong>Hor\u00e1rio de atendimento:<\/strong><\/p>\n<h5><strong>Manh\u00e3<\/strong><\/h5>\n<p>Todos os dias: 9h15 \u00e0s 12h00<\/p>\n<h5><strong>Tarde<\/strong><\/h5>\n<p>Todos os dias: 14h00 \u00e0s 16h30<\/p>\n<p>&nbsp;<\/p>\n<p>&nbsp;<\/p>\n<h3>Servi\u00e7os de A\u00e7\u00e3o Social Escolar(SASE)<\/h3>\n<p><strong>Hor\u00e1rio de atendimento:<\/strong><\/p>\n<h5><strong>Manh\u00e3<\/strong><\/h5>\n<p>Todos os dias: 9h15 \u00e0s 12h00<\/p>\n<h5><strong>Tarde<\/strong><\/h5>\n<p>Todos os dias: 14h00 \u00e0s 17h00<\/p>\n<p>&nbsp;<\/p>\n<h3>Reprografia (Amato Lusitano)<\/h3>\n<p><strong>Hor\u00e1rio de atendimento:<\/strong><\/p>\n<p>Todos os dias: 8h30 \u00e0s 12:00h e das 14h00 \u00e0s 17h00<\/p>\n<p>&nbsp;<\/p>\n<h3>Papelaria (Amato Lusitano)<\/h3>\n<p><strong>Hor\u00e1rio de atendimento:<\/strong><\/p>\n<p>Todos os dias: 8h30 \u00e0s 12:00h e das 14h00 \u00e0s 16h30<\/p>\n<p>&nbsp;<\/p>\n<h3>Papelaria (Jo\u00e3o Roiz)<\/h3>\n<p><strong>Hor\u00e1rio de atendimento:<\/strong><\/p>\n<h5><strong>Manh\u00e3<\/strong><\/h5>\n<p>Todos os dias: 8h15 \u00e0s 12h15<\/p>\n<h5><strong>Tarde<\/strong><\/h5>\n<p>Todos os dias: 14h00 \u00e0s 16h45<\/p>\n<p>&nbsp;<\/p>\n<h3>Reprografia (Jo\u00e3o Roiz)<\/h3>\n<p><strong>Hor\u00e1rio de atendimento:<\/strong><\/p>\n<h5><strong>Manh\u00e3<\/strong><\/h5>\n<p>Todos os dias: 8h30 \u00e0s 12h30<\/p>\n<h5><strong>Tarde<\/strong><\/h5>\n<p>Todos os dias: 14h30 \u00e0s 17h00<\/p>\n<p>&nbsp;<\/p>\n<h3>Bar e Sala dos Alunos (Amato Lusitano)<\/h3>\n<p><strong>Hor\u00e1rio\u00a0 Bar dos Alunos:<\/strong><\/p>\n<h5><strong>Manh\u00e3<\/strong><\/h5>\n<p>Todos os dias: 8h00 \u00e0s 12h30m<\/p>\n<h5><strong>Tarde<\/strong><\/h5>\n<p>Todos os dias: 14h00 \u00e0s 17h40m<\/p>\n<p><strong>Hor\u00e1rio\u00a0 Sala dos Alunos:<\/strong><\/p>\n<p>Todos os dias: 8h00m \u00e0s 17h40m<\/p>\n<h3>Bar dos Alunos (Jo\u00e3o Roiz)<\/h3>\n<p><strong>Hor\u00e1rio de atendimento:<\/strong><\/p>\n<h5><strong>Manh\u00e3<\/strong><\/h5>\n<h5><\/h5>\n<h5><strong>Tarde<\/strong><\/h5>\n<p>&nbsp;<\/p>\n","protected":false},"excerpt":{"rendered":"<p>Hor\u00e1rio dos Servi\u00e7os Servi\u00e7os Administrativos Hor\u00e1rio de atendimento: Manh\u00e3 Todos os dias: 9h15 \u00e0s 12h00 Tarde Todos os dias: 14h00 \u00e0s 16h30 &nbsp; &nbsp; Servi\u00e7os de A\u00e7\u00e3o Social Escolar(SASE) Hor\u00e1rio de atendimento: Manh\u00e3 Todos os dias: 9h15 \u00e0s 12h00 Tarde Todos os dias: 14h00 \u00e0s&nbsp;<a href=\"http:\/\/aeal.edu.pt\/portal\/horario-dos-servicos\/\">&hellip;<\/a><\/p>\n","protected":false},"author":1,"featured_media":0,"parent":0,"menu_order":0,"comment_status":"closed","ping_status":"closed","template":"","meta":{"footnotes":""},"class_list":["post-5095","page","type-page","status-publish","hentry","odd"],"_links":{"self":[{"href":"http:\/\/aeal.edu.pt\/portal\/wp-json\/wp\/v2\/pages\/5095","targetHints":{"allow":["GET"]}}],"collection":[{"href":"http:\/\/aeal.edu.pt\/portal\/wp-json\/wp\/v2\/pages"}],"about":[{"href":"http:\/\/aeal.edu.pt\/portal\/wp-json\/wp\/v2\/types\/page"}],"author":[{"embeddable":true,"href":"http:\/\/aeal.edu.pt\/portal\/wp-json\/wp\/v2\/users\/1"}],"replies":[{"embeddable":true,"href":"http:\/\/aeal.edu.pt\/portal\/wp-json\/wp\/v2\/comments?post=5095"}],"version-history":[{"count":16,"href":"http:\/\/aeal.edu.pt\/portal\/wp-json\/wp\/v2\/pages\/5095\/revisions"}],"predecessor-version":[{"id":7688,"href":"http:\/\/aeal.edu.pt\/portal\/wp-json\/wp\/v2\/pages\/5095\/revisions\/7688"}],"wp:attachment":[{"href":"http:\/\/aeal.edu.pt\/portal\/wp-json\/wp\/v2\/media?parent=5095"}],"curies":[{"name":"wp","href":"https:\/\/api.w.org\/{rel}","templated":true}]}}