{"id":5305,"date":"2022-01-06T10:34:42","date_gmt":"2022-01-06T10:34:42","guid":{"rendered":"http:\/\/aeal.edu.pt\/portal\/?page_id=5305"},"modified":"2022-01-06T11:10:05","modified_gmt":"2022-01-06T11:10:05","slug":"eqavet","status":"publish","type":"page","link":"http:\/\/aeal.edu.pt\/portal\/eqavet\/","title":{"rendered":"EQAVET"},"content":{"rendered":"<h3><strong><img decoding=\"async\" class=\"size-medium wp-image-5317 aligncenter\" src=\"http:\/\/aeal.edu.pt\/portal\/wp-content\/uploads\/2022\/01\/eqavet_logo-300x160.jpg\" alt=\"\" width=\"300\" height=\"160\" srcset=\"http:\/\/aeal.edu.pt\/portal\/wp-content\/uploads\/2022\/01\/eqavet_logo-300x160.jpg 300w, http:\/\/aeal.edu.pt\/portal\/wp-content\/uploads\/2022\/01\/eqavet_logo.jpg 543w\" sizes=\"(max-width: 300px) 100vw, 300px\" \/><\/strong><\/h3>\n<h3><strong>Certifica\u00e7\u00e3o EQAVET \u2013 Cursos Profissionais<\/strong><\/h3>\n<p>Atrav\u00e9s da Recomenda\u00e7\u00e3o do Parlamento Europeu e do Conselho de Ministros da Uni\u00e3o Europeia de 18 de junho de 2009 foi concebido o Quadro de Refer\u00eancia Europeu de Garantia da Qualidade para a Educa\u00e7\u00e3o e Forma\u00e7\u00e3o Profissionais (Quadro EQAVET).<br \/>\nEste dispositivo \u2013 de incentivo \u00e0 melhoria do Ensino e Forma\u00e7\u00e3o Profissional (EFP) no espa\u00e7o europeu \u2013 coloca, ao dispor das autoridades e dos operadores de EFP, ferramentas comuns para a gest\u00e3o da qualidade.<br \/>\nA promo\u00e7\u00e3o da confian\u00e7a na qualidade da forma\u00e7\u00e3o m\u00fatua, da mobilidade de trabalhadores \/ formandos e da aprendizagem ao longo da vida s\u00e3o os pilares do referencial EQAVET.<br \/>\nO EQAVET \u00e9 um instrumento de ado\u00e7\u00e3o volunt\u00e1ria, que possibilita a documenta\u00e7\u00e3o, desenvolvimento, monitoriza\u00e7\u00e3o, avalia\u00e7\u00e3o e melhoria da efici\u00eancia da oferta de EFP e a qualidade das pr\u00e1ticas de gest\u00e3o, recorrendo a processos de monitoriza\u00e7\u00e3o regular e autorregula\u00e7\u00e3o (interna e externas) dos progressos conseguidos.<\/p>\n<p>O Agrupamento de Escolas Amato Lusitano est\u00e1 a implementar o Projeto EQAVET (Quadro de Refer\u00eancia Europeu de Garantia da Qualidade para a Educa\u00e7\u00e3o e Forma\u00e7\u00e3o Profissional). Mais informa\u00e7\u00f5es sobre este projeto dispon\u00edveis na <a href=\"http:\/\/www.qualidade.anqep.gov.pt\/documentacao.asp\" target=\"_blank\" rel=\"noopener noreferrer\">ANQEP<\/a>.<\/p>\n<h3><strong>Documentos<\/strong><\/h3>\n<div class='w3eden'><!-- WPDM Link Template: Default Template -->\n\n<div class=\"link-template-default card mb-2\">\n    <div class=\"card-body\">\n        <div class=\"media\">\n            <div class=\"mr-3 img-48\"><img decoding=\"async\" class=\"wpdm_icon\" alt=\"Icon\" src=\"http:\/\/aeal.edu.pt\/portal\/wp-content\/plugins\/download-manager\/assets\/file-type-icons\/pdf.svg\" \/><\/div>\n            <div class=\"media-body\">\n                <h3 class=\"package-title\"><a href='http:\/\/aeal.edu.pt\/portal\/download\/eqavet-documento-base\/'>EQAVET -Documento Base<\/a><\/h3>\n                <div class=\"text-muted text-small\"><i class=\"fas fa-copy\"><\/i> 1 file(s) <i class=\"fas fa-hdd ml-3\"><\/i> 718.09 KB<\/div>\n            <\/div>\n            <div class=\"ml-3\">\n                <a class='wpdm-download-link download-on-click btn btn-primary ' rel='nofollow' href='#' data-downloadurl=\"http:\/\/aeal.edu.pt\/portal\/download\/eqavet-documento-base\/?wpdmdl=5306&refresh=6a079804bb1b81778882564\">Download<\/a>\n            <\/div>\n        <\/div>\n    <\/div>\n<\/div>\n\n<\/div>\n<div class='w3eden'><!-- WPDM Link Template: Default Template -->\n\n<div class=\"link-template-default card mb-2\">\n    <div class=\"card-body\">\n        <div class=\"media\">\n            <div class=\"mr-3 img-48\"><img decoding=\"async\" class=\"wpdm_icon\" alt=\"Icon\" src=\"http:\/\/aeal.edu.pt\/portal\/wp-content\/plugins\/download-manager\/assets\/file-type-icons\/pdf.svg\" \/><\/div>\n            <div class=\"media-body\">\n                <h3 class=\"package-title\"><a href='http:\/\/aeal.edu.pt\/portal\/download\/relatorio-do-operador-plano-de-acao\/'>Relat\u00f3rio do Operador \u2013 Plano de A\u00e7\u00e3o<\/a><\/h3>\n                <div class=\"text-muted text-small\"><i class=\"fas fa-copy\"><\/i> 1 file(s) <i class=\"fas fa-hdd ml-3\"><\/i> 300.56 KB<\/div>\n            <\/div>\n            <div class=\"ml-3\">\n                <a class='wpdm-download-link download-on-click btn btn-primary ' rel='nofollow' href='#' data-downloadurl=\"http:\/\/aeal.edu.pt\/portal\/download\/relatorio-do-operador-plano-de-acao\/?wpdmdl=5308&refresh=6a079804c21891778882564\">Download<\/a>\n            <\/div>\n        <\/div>\n    <\/div>\n<\/div>\n\n<\/div>\n<div class='w3eden'><!-- WPDM Link Template: Default Template -->\n\n<div class=\"link-template-default card mb-2\">\n    <div class=\"card-body\">\n        <div class=\"media\">\n            <div class=\"mr-3 img-48\"><img decoding=\"async\" class=\"wpdm_icon\" alt=\"Icon\" src=\"http:\/\/aeal.edu.pt\/portal\/wp-content\/plugins\/download-manager\/assets\/file-type-icons\/pdf.svg\" \/><\/div>\n            <div class=\"media-body\">\n                <h3 class=\"package-title\"><a href='http:\/\/aeal.edu.pt\/portal\/download\/eqavet-relatorio-do-operador-garantia-de-qualidade\/'>EQAVET - Relat\u00f3rio do Operador \u2013 Garantia de Qualidade<\/a><\/h3>\n                <div class=\"text-muted text-small\"><i class=\"fas fa-copy\"><\/i> 1 file(s) <i class=\"fas fa-hdd ml-3\"><\/i> 698.38 KB<\/div>\n            <\/div>\n            <div class=\"ml-3\">\n                <a class='wpdm-download-link download-on-click btn btn-primary ' rel='nofollow' href='#' data-downloadurl=\"http:\/\/aeal.edu.pt\/portal\/download\/eqavet-relatorio-do-operador-garantia-de-qualidade\/?wpdmdl=5307&refresh=6a079804c65ba1778882564\">Download<\/a>\n            <\/div>\n        <\/div>\n    <\/div>\n<\/div>\n\n<\/div>\n","protected":false},"excerpt":{"rendered":"<p>Certifica\u00e7\u00e3o EQAVET \u2013 Cursos Profissionais Atrav\u00e9s da Recomenda\u00e7\u00e3o do Parlamento Europeu e do Conselho de Ministros da Uni\u00e3o Europeia de 18 de junho de 2009 foi concebido o Quadro de Refer\u00eancia Europeu de Garantia da Qualidade para a Educa\u00e7\u00e3o e Forma\u00e7\u00e3o Profissionais (Quadro EQAVET). Este&nbsp;<a href=\"http:\/\/aeal.edu.pt\/portal\/eqavet\/\">&hellip;<\/a><\/p>\n","protected":false},"author":1,"featured_media":0,"parent":0,"menu_order":0,"comment_status":"closed","ping_status":"closed","template":"","meta":{"footnotes":""},"class_list":["post-5305","page","type-page","status-publish","hentry","odd"],"_links":{"self":[{"href":"http:\/\/aeal.edu.pt\/portal\/wp-json\/wp\/v2\/pages\/5305","targetHints":{"allow":["GET"]}}],"collection":[{"href":"http:\/\/aeal.edu.pt\/portal\/wp-json\/wp\/v2\/pages"}],"about":[{"href":"http:\/\/aeal.edu.pt\/portal\/wp-json\/wp\/v2\/types\/page"}],"author":[{"embeddable":true,"href":"http:\/\/aeal.edu.pt\/portal\/wp-json\/wp\/v2\/users\/1"}],"replies":[{"embeddable":true,"href":"http:\/\/aeal.edu.pt\/portal\/wp-json\/wp\/v2\/comments?post=5305"}],"version-history":[{"count":7,"href":"http:\/\/aeal.edu.pt\/portal\/wp-json\/wp\/v2\/pages\/5305\/revisions"}],"predecessor-version":[{"id":5310,"href":"http:\/\/aeal.edu.pt\/portal\/wp-json\/wp\/v2\/pages\/5305\/revisions\/5310"}],"wp:attachment":[{"href":"http:\/\/aeal.edu.pt\/portal\/wp-json\/wp\/v2\/media?parent=5305"}],"curies":[{"name":"wp","href":"https:\/\/api.w.org\/{rel}","templated":true}]}}