{"id":5594,"date":"2022-03-16T11:27:07","date_gmt":"2022-03-16T11:27:07","guid":{"rendered":"http:\/\/aeal.edu.pt\/portal\/?page_id=5594"},"modified":"2022-03-16T11:27:37","modified_gmt":"2022-03-16T11:27:37","slug":"escola-digital-desbloqueio-do-sistema-cuco","status":"publish","type":"page","link":"http:\/\/aeal.edu.pt\/portal\/escola-digital-desbloqueio-do-sistema-cuco\/","title":{"rendered":"Escola Digital &#8211; Desbloqueio do Sistema CUCo"},"content":{"rendered":"<p>CUCo \u00e9 uma tecnologia de seguran\u00e7a exclusiva para computadores, tablets e smartphones. Esta possibilita que um dispositivo realize um autoteste de conformidade que possibilita o respetivo bloqueio remoto, desbloqueio e localiza\u00e7\u00e3o.<\/p>\n<p>Quando o equipamento \u00e9 bloqueado surge uma imagem semelhante \u00e0 seguinte:<\/p>\n<p>&nbsp;<\/p>\n<p><img decoding=\"async\" class=\"alignnone size-medium wp-image-5595\" src=\"http:\/\/aeal.edu.pt\/portal\/wp-content\/uploads\/2022\/03\/cucoBloqueio-1024x406-1-300x119.png\" alt=\"\" width=\"300\" height=\"119\" srcset=\"http:\/\/aeal.edu.pt\/portal\/wp-content\/uploads\/2022\/03\/cucoBloqueio-1024x406-1-300x119.png 300w, http:\/\/aeal.edu.pt\/portal\/wp-content\/uploads\/2022\/03\/cucoBloqueio-1024x406-1.png 600w\" sizes=\"(max-width: 300px) 100vw, 300px\" \/><\/p>\n<p>Para desbloquear realize as seguintes opera\u00e7\u00f5es:<\/p>\n<ul>\n<li>Aceda ao site de desbloqueio do Sistema de Seguran\u00e7a CUCO (<a href=\"https:\/\/cuco.inforlandia.pt\/ucode\/\" target=\"_blank\" rel=\"noreferrer noopener\">https:\/\/cuco.inforlandia.pt\/ucode\/<\/a>);<\/li>\n<li>Preencha os campos solicitados;<\/li>\n<li>Clique em mostrar C\u00f3digo;<\/li>\n<li>Ligue o port\u00e1til com o CUCO ativo \u00e0 internet;<\/li>\n<li>Insira o c\u00f3digo de desbloqueio no port\u00e1til bloqueado;<\/li>\n<li>Pare os servi\u00e7os do antiv\u00edrus recomendado);<\/li>\n<li>Execute a atualiza\u00e7\u00e3o do Sistema de Seguran\u00e7a CUCO, descrita no ponto anterior, de forma a evitar futuros bloqueios;<\/li>\n<li>Reinicie o equipamento.<\/li>\n<\/ul>\n<p><strong>Porque raz\u00e3o ocorre este bloqueio?<\/strong><\/p>\n<p>Consulte aqui as informa\u00e7\u00f5es do Aviso de Seguran\u00e7a:\u00a0<a href=\"http:\/\/cuco.softi9.pt\/updates\/20210517101.pdf\" target=\"_blank\" rel=\"noreferrer noopener\">http:\/\/cuco.softi9.pt\/updates\/20210517101.pdf<\/a><\/p>\n","protected":false},"excerpt":{"rendered":"<p>CUCo \u00e9 uma tecnologia de seguran\u00e7a exclusiva para computadores, tablets e smartphones. Esta possibilita que um dispositivo realize um autoteste de conformidade que possibilita o respetivo bloqueio remoto, desbloqueio e localiza\u00e7\u00e3o. Quando o equipamento \u00e9 bloqueado surge uma imagem semelhante \u00e0 seguinte: &nbsp; Para desbloquear&nbsp;<a href=\"http:\/\/aeal.edu.pt\/portal\/escola-digital-desbloqueio-do-sistema-cuco\/\">&hellip;<\/a><\/p>\n","protected":false},"author":1,"featured_media":0,"parent":0,"menu_order":0,"comment_status":"closed","ping_status":"closed","template":"","meta":{"footnotes":""},"class_list":["post-5594","page","type-page","status-publish","hentry","odd"],"_links":{"self":[{"href":"http:\/\/aeal.edu.pt\/portal\/wp-json\/wp\/v2\/pages\/5594","targetHints":{"allow":["GET"]}}],"collection":[{"href":"http:\/\/aeal.edu.pt\/portal\/wp-json\/wp\/v2\/pages"}],"about":[{"href":"http:\/\/aeal.edu.pt\/portal\/wp-json\/wp\/v2\/types\/page"}],"author":[{"embeddable":true,"href":"http:\/\/aeal.edu.pt\/portal\/wp-json\/wp\/v2\/users\/1"}],"replies":[{"embeddable":true,"href":"http:\/\/aeal.edu.pt\/portal\/wp-json\/wp\/v2\/comments?post=5594"}],"version-history":[{"count":1,"href":"http:\/\/aeal.edu.pt\/portal\/wp-json\/wp\/v2\/pages\/5594\/revisions"}],"predecessor-version":[{"id":5596,"href":"http:\/\/aeal.edu.pt\/portal\/wp-json\/wp\/v2\/pages\/5594\/revisions\/5596"}],"wp:attachment":[{"href":"http:\/\/aeal.edu.pt\/portal\/wp-json\/wp\/v2\/media?parent=5594"}],"curies":[{"name":"wp","href":"https:\/\/api.w.org\/{rel}","templated":true}]}}