{"id":5623,"date":"2022-03-25T16:21:44","date_gmt":"2022-03-25T16:21:44","guid":{"rendered":"http:\/\/aeal.edu.pt\/portal\/?page_id=5623"},"modified":"2025-07-15T23:13:32","modified_gmt":"2025-07-15T22:13:32","slug":"examesnacionais20222","status":"publish","type":"page","link":"http:\/\/aeal.edu.pt\/portal\/examesnacionais20222\/","title":{"rendered":"Provas e Exames Nacionais 2025"},"content":{"rendered":"<h2 class=\"wp-block-post-title\">Provas e Exames Nacionais \u2013 2025<\/h2>\n<div class=\"dad65929\">\n<div class=\"f9bf7997 d7dc56a8 c05b5566\">\n<div class=\"ds-markdown ds-markdown--block\">\n<p>Devido ao seu car\u00e1cter obrigat\u00f3rio e universal, a avalia\u00e7\u00e3o externa constitui um elemento essencial do sistema educativo, fomentando uma educa\u00e7\u00e3o de qualidade para todos os alunos. Al\u00e9m disso, deve funcionar como uma ferramenta ao dispor das escolas e dos professores, refor\u00e7ando a identifica\u00e7\u00e3o atempada das \u00e1reas que necessitam de melhoria.<\/p>\n<p>As informa\u00e7\u00f5es disponibilizadas pelo AEAL e pelo Minist\u00e9rio da Educa\u00e7\u00e3o sobre as Provas e Exames Nacionais do Ensino B\u00e1sico e Secund\u00e1rio s\u00e3o as seguintes:<\/p>\n<\/div>\n<div class=\"ds-flex\">\n<div class=\"ds-flex abe97156\">\n<div class=\"ds-icon-button\" tabindex=\"0\">\n<div class=\"ds-icon\"><\/div>\n<\/div>\n<div class=\"ds-icon-button\" tabindex=\"0\">\n<div class=\"ds-icon\"><strong>\u00bb Legisla\u00e7\u00e3o e outras informa\u00e7\u00f5es<\/strong><\/div>\n<\/div>\n<\/div>\n<\/div>\n<\/div>\n<\/div>\n<p align=\"justify\">\u00a0 \u2022\u00a0 \u00a0Regulamento das Provas de Avalia\u00e7\u00e3o Externa e das Provas de Equival\u00eancia \u00e0 Frequ\u00eancia EBS\u00a0\u00a0<a href=\"http:\/\/aeal.edu.pt\/portal\/download\/regulamento-das-provas-de-avaliacao-externa-e-das-provas-de-equivalencia-a-frequencia-ebs\/\" target=\"_blank\" rel=\"noopener\">[PDF]<\/a><br \/>\nDespacho Normativo n.\u00ba 2-A\/2025<\/p>\n<p align=\"justify\">\u00a0 \u2022\u00a0 \u00a0Informa\u00e7\u00f5es &#8211; Prova Geral :\u00a0<a href=\"https:\/\/iave.pt\/wp-content\/uploads\/2025\/03\/IP-Geral-2025_13marB.pdf\" target=\"_blank\" rel=\"noopener\" data-saferedirecturl=\"https:\/\/www.google.com\/url?q=https:\/\/iave.pt\/wp-content\/uploads\/2025\/03\/IP-Geral-2025_13marB.pdf&amp;source=gmail&amp;ust=1748960981948000&amp;usg=AOvVaw28BUc5fIULF7SzrGr9TKAU\">https:\/\/iave.pt\/wp-content\/<wbr \/>uploads\/2025\/03\/IP-Geral-2025_<wbr \/>13marB.pdf<\/a><\/p>\n<p align=\"justify\">\u00a0 \u2022\u00a0 Modelos do J\u00fari Nacional de Exames:\u00a0<a href=\"https:\/\/dge.mec.pt\/modelos\" target=\"_blank\" rel=\"noopener\" data-saferedirecturl=\"https:\/\/www.google.com\/url?q=https:\/\/dge.mec.pt\/modelos&amp;source=gmail&amp;ust=1748960981948000&amp;usg=AOvVaw20JzPWBu3sdkHYyQ4ghdJX\">https:\/\/dge.mec.pt\/<wbr \/>modelos<\/a><\/p>\n<p>\u2022\u00a0 \u00a0Guia para Aplica\u00e7\u00e3o de Adapta\u00e7\u00f5es na Realiza\u00e7\u00e3o de Provas e Exames \u00a0\u00a0<a href=\"http:\/\/aeal.edu.pt\/portal\/download\/guia_das_adaptacoes_2025_-3mar\/\" target=\"_blank\" rel=\"noopener\">[PDF]<\/a><br \/>\n\u2022\u00a0 \u00a0Norma 01\/JNE\/2025\u00a0 \u00a0<a href=\"http:\/\/aeal.edu.pt\/portal\/download\/norma-01_2025_3mar\/\" target=\"_blank\" rel=\"noopener\">[PDF]<\/a><br \/>\n\u2022\u00a0 \u00a0Norma 02\/JNE\/2025\u00a0 \u00a0<a href=\"https:\/\/aeal.edu.pt\/portal\/download\/norma-2-jne-2025\/\">[PDF]<\/a><br \/>\n\u2022\u00a0 \u00a0Guia Geral de Exames 2025\u00a0 \u00a0<a href=\"http:\/\/aeal.edu.pt\/portal\/download\/guiageralexames2025\/\" target=\"_blank\" rel=\"noopener\">[PDF]<\/a><\/p>\n<p align=\"justify\">\u2022\u00a0 Anexo I \u2013 Requerimento para realiza\u00e7\u00e3o de provas e ou exames em \u00c9poca Especial por Aluno Praticante Desportivo de Alto Rendimento \u00a0 <a href=\"https:\/\/aeal.edu.pt\/portal\/download\/anexo-i-requerimento-para-realizacao-de-provas-e-ou-exames-em-epoca-especial-por-aluno-praticante-desportivo-de-alto-rendimento\/\" target=\"_blank\" rel=\"noopener\">[PDF]<\/a><\/p>\n<p align=\"justify\">\u2022\u00a0 Guia para a realiza\u00e7\u00e3o de provas\/exames por Alunos Praticantes Desportivos de Alto Rendimento \u00a0 <a href=\"https:\/\/aeal.edu.pt\/portal\/download\/guia-para-a-realizacao-de-provas-exames-por-alunos-praticantes-desportivos-de-alto-rendimento\/\">[PDF]<\/a><br \/>\n\u2022\u00a0 \u00a0Aviso \u2013 Telem\u00f3veis e outros dispositivos \u00a0 [PDF]<\/p>\n<p align=\"justify\"><strong>\u00bb Informa\u00e7\u00f5es-prova<\/strong><\/p>\n<p align=\"justify\">\u00a0 \u2022 \u00a0 Utiliza\u00e7\u00e3o de calculadoras nas Provas e Exames do Ensino B\u00e1sico e Secund\u00e1rio\u00a0 \u2013\u00a0 [PDF]<br \/>\n\u2022 \u00a0 Informa\u00e7\u00f5es relativas \u00e0s Provas de Avalia\u00e7\u00e3o Externa\u00a0 \u2013\u00a0\u00a0<a href=\"https:\/\/iave.pt\/provas-e-exames\/informacoes\/\" target=\"_blank\" rel=\"noopener\">IAVE<\/a><\/p>\n<p align=\"justify\"><strong>\u00bb Inscri\u00e7\u00f5es para Provas e Exames<\/strong><\/p>\n<p align=\"justify\">\u00a0 \u2022 \u00a0 Prazos de inscri\u00e7\u00e3o para Exames Nacionais<\/p>\n<ul>\n<li>1.\u00aaFASE: 6 de mar\u00e7o a 19 de mar\u00e7o<\/li>\n<li>2.\u00aaFASE: 15 de julho a 16 de julho<\/li>\n<\/ul>\n<p>ATEN\u00c7\u00c3O: As inscri\u00e7\u00f5es s\u00e3o efetuadas atrav\u00e9s da Plataforma de Inscri\u00e7\u00e3o Eletr\u00f3nica em Provas e Exames, dispon\u00edvel em https:\/\/jnepiepe.dge.mec.pt.<\/p>\n<p>\u2022 \u00a0 Manual de instru\u00e7\u00f5es \u2013 PIEPE\u00a0 \u00a0\u00a0<a href=\"http:\/\/aeal.edu.pt\/portal\/download\/manual_piepe_2024\/\" target=\"_blank\" rel=\"noopener\">[PDF]<\/a><br \/>\n\u2022\u00a0 \u00a0Folheto \u2013 Inscri\u00e7\u00e3o em Exames Finais Nacionais \u2013 CCH\u00a0 \u00a0 \u00a0\u00a0<a href=\"http:\/\/aeal.edu.pt\/portal\/download\/folheto_inscricoes_2025_cch\/\" target=\"_blank\" rel=\"noopener\">[PDF]<\/a><br \/>\n\u2022\u00a0 \u00a0Folheto \u2013 Inscri\u00e7\u00e3o em Exames Finais Nacionais \u2013 Outros Cursos\u00a0 \u00a0 \u00a0\u00a0<a href=\"http:\/\/aeal.edu.pt\/portal\/download\/folheto_inscricoes_2025_outroscursos\/\" target=\"_blank\" rel=\"noopener\">[PDF]<\/a><\/p>\n<p align=\"justify\"><strong>\u00bb Calend\u00e1rio das Provas e Exames<\/strong><\/p>\n<p align=\"justify\">\u00a0 \u2022\u00a0 \u00a0Calend\u00e1rio das Provas e Exames \u2013 Ensino B\u00e1sico e Secund\u00e1rio\u00a0 \u2013\u00a0\u00a0<a href=\"http:\/\/aeal.edu.pt\/portal\/download\/calendario_de_provas_e_-exames_2025\/\" target=\"_blank\" rel=\"noopener\">[PDF]<\/a><br \/>\n\u2022\u00a0 \u00a0Calend\u00e1rio das Provas e Exames \u2013 Ensino B\u00e1sico e Secund\u00e1rio\u00a0 \u2013\u00a0\u00a0<a href=\"https:\/\/iave.pt\/provas-e-exames\/calendario\/\" target=\"_blank\" rel=\"noopener\">IAVE<\/a><\/p>\n<p align=\"justify\"><strong>\u00bb S\u00edtios oficiais do Minist\u00e9rio da Educa\u00e7\u00e3o\u00a0<\/strong><\/p>\n<p align=\"justify\">\u00a0 \u2022 \u00a0 Instituto de Avalia\u00e7\u00e3o Educativa\u00a0 \u2013\u00a0\u00a0<a href=\"https:\/\/iave.pt\/\" target=\"_blank\" rel=\"noopener\">IAVE<\/a><br \/>\n\u2022 \u00a0 Plataforma de Inscri\u00e7\u00e3o Eletr\u00f3nica em Provas e Exames\u00a0 \u2013\u00a0\u00a0<a href=\"https:\/\/jnepiepe.dge.mec.pt\/\" target=\"_blank\" rel=\"noopener\">PIEPE<\/a><\/p>\n<p align=\"justify\"><strong>\u00bb Consultas de Prova<\/strong><\/p>\n<p>O ato de consulta de prova realiza-se atrav\u00e9s de requerimento pr\u00f3prio (Modelo 09\/JNE) em formato pdf edit\u00e1vel, dispon\u00edvel em <a href=\"https:\/\/www.dge.mec.pt\/modelos\">https:\/\/www.dge.mec.pt\/modelos<\/a>\u00a0.<\/p>\n<p>Dever\u00e1 descarregar, preencher o modelo 09\/JNE e entregue presencialmente nos servi\u00e7os administrativos ou envi\u00e1-lo para o seguinte\u00a0e-mail:\u00a0<a href=\"mailto:secretariaAESF@aeseverim.pt\">geral@aeamatolusitano.edu.pt<\/a><\/p>\n<p>&nbsp;<\/p>\n<p align=\"justify\"><strong>\u00bb Pautas de Chamada da Componente Oral de L\u00ednguas Estrangeiras<\/strong><\/p>\n<ul>\n<li><div class='w3eden'><!-- WPDM Link Template: Default Template -->\n\n<div class=\"link-template-default card mb-2\">\n    <div class=\"card-body\">\n        <div class=\"media\">\n            <div class=\"mr-3 img-48\"><img decoding=\"async\" class=\"wpdm_icon\" alt=\"Icon\" src=\"http:\/\/aeal.edu.pt\/portal\/wp-content\/plugins\/download-manager\/assets\/file-type-icons\/pdf.svg\" \/><\/div>\n            <div class=\"media-body\">\n                <h3 class=\"package-title\"><a href='http:\/\/aeal.edu.pt\/portal\/download\/pauta-517_frances\/'>Pauta-517_Franc\u00eas<\/a><\/h3>\n                <div class=\"text-muted text-small\"><i class=\"fas fa-copy\"><\/i> 1 file(s) <i class=\"fas fa-hdd ml-3\"><\/i> 41.63 KB<\/div>\n            <\/div>\n            <div class=\"ml-3\">\n                <a class='wpdm-download-link download-on-click btn btn-primary ' rel='nofollow' href='#' data-downloadurl=\"http:\/\/aeal.edu.pt\/portal\/download\/pauta-517_frances\/?wpdmdl=7901&refresh=6a0798307926d1778882608\">Download<\/a>\n            <\/div>\n        <\/div>\n    <\/div>\n<\/div>\n\n<\/div><\/li>\n<li><div class='w3eden'><!-- WPDM Link Template: Default Template -->\n\n<div class=\"link-template-default card mb-2\">\n    <div class=\"card-body\">\n        <div class=\"media\">\n            <div class=\"mr-3 img-48\"><img decoding=\"async\" class=\"wpdm_icon\" alt=\"Icon\" src=\"http:\/\/aeal.edu.pt\/portal\/wp-content\/plugins\/download-manager\/assets\/file-type-icons\/pdf.svg\" \/><\/div>\n            <div class=\"media-body\">\n                <h3 class=\"package-title\"><a href='http:\/\/aeal.edu.pt\/portal\/download\/pauta-550_ingles\/'>Pauta-550_Ingl\u00eas<\/a><\/h3>\n                <div class=\"text-muted text-small\"><i class=\"fas fa-copy\"><\/i> 1 file(s) <i class=\"fas fa-hdd ml-3\"><\/i> 65.98 KB<\/div>\n            <\/div>\n            <div class=\"ml-3\">\n                <a class='wpdm-download-link download-on-click btn btn-primary ' rel='nofollow' href='#' data-downloadurl=\"http:\/\/aeal.edu.pt\/portal\/download\/pauta-550_ingles\/?wpdmdl=7900&refresh=6a0798307dd941778882608\">Download<\/a>\n            <\/div>\n        <\/div>\n    <\/div>\n<\/div>\n\n<\/div><\/li>\n<li><div class='w3eden'><!-- WPDM Link Template: Default Template -->\n\n<div class=\"link-template-default card mb-2\">\n    <div class=\"card-body\">\n        <div class=\"media\">\n            <div class=\"mr-3 img-48\"><img decoding=\"async\" class=\"wpdm_icon\" alt=\"Icon\" src=\"http:\/\/aeal.edu.pt\/portal\/wp-content\/plugins\/download-manager\/assets\/file-type-icons\/pdf.svg\" \/><\/div>\n            <div class=\"media-body\">\n                <h3 class=\"package-title\"><a href='http:\/\/aeal.edu.pt\/portal\/download\/pauta-547_espanhol\/'>Pauta-547_Espanhol<\/a><\/h3>\n                <div class=\"text-muted text-small\"><i class=\"fas fa-copy\"><\/i> 1 file(s) <i class=\"fas fa-hdd ml-3\"><\/i> 42.07 KB<\/div>\n            <\/div>\n            <div class=\"ml-3\">\n                <a class='wpdm-download-link download-on-click btn btn-primary ' rel='nofollow' href='#' data-downloadurl=\"http:\/\/aeal.edu.pt\/portal\/download\/pauta-547_espanhol\/?wpdmdl=7899&refresh=6a079830821e91778882608\">Download<\/a>\n            <\/div>\n        <\/div>\n    <\/div>\n<\/div>\n\n<\/div><\/li>\n<\/ul>\n<p align=\"justify\">\n","protected":false},"excerpt":{"rendered":"<p>Provas e Exames Nacionais \u2013 2025 Devido ao seu car\u00e1cter obrigat\u00f3rio e universal, a avalia\u00e7\u00e3o externa constitui um elemento essencial do sistema educativo, fomentando uma educa\u00e7\u00e3o de qualidade para todos os alunos. Al\u00e9m disso, deve funcionar como uma ferramenta ao dispor das escolas e dos&nbsp;<a href=\"http:\/\/aeal.edu.pt\/portal\/examesnacionais20222\/\">&hellip;<\/a><\/p>\n","protected":false},"author":1,"featured_media":5626,"parent":0,"menu_order":0,"comment_status":"closed","ping_status":"closed","template":"","meta":{"footnotes":""},"class_list":["post-5623","page","type-page","status-publish","has-post-thumbnail","hentry","odd"],"_links":{"self":[{"href":"http:\/\/aeal.edu.pt\/portal\/wp-json\/wp\/v2\/pages\/5623","targetHints":{"allow":["GET"]}}],"collection":[{"href":"http:\/\/aeal.edu.pt\/portal\/wp-json\/wp\/v2\/pages"}],"about":[{"href":"http:\/\/aeal.edu.pt\/portal\/wp-json\/wp\/v2\/types\/page"}],"author":[{"embeddable":true,"href":"http:\/\/aeal.edu.pt\/portal\/wp-json\/wp\/v2\/users\/1"}],"replies":[{"embeddable":true,"href":"http:\/\/aeal.edu.pt\/portal\/wp-json\/wp\/v2\/comments?post=5623"}],"version-history":[{"count":44,"href":"http:\/\/aeal.edu.pt\/portal\/wp-json\/wp\/v2\/pages\/5623\/revisions"}],"predecessor-version":[{"id":7965,"href":"http:\/\/aeal.edu.pt\/portal\/wp-json\/wp\/v2\/pages\/5623\/revisions\/7965"}],"wp:featuredmedia":[{"embeddable":true,"href":"http:\/\/aeal.edu.pt\/portal\/wp-json\/wp\/v2\/media\/5626"}],"wp:attachment":[{"href":"http:\/\/aeal.edu.pt\/portal\/wp-json\/wp\/v2\/media?parent=5623"}],"curies":[{"name":"wp","href":"https:\/\/api.w.org\/{rel}","templated":true}]}}