{"id":604,"date":"2015-09-03T11:55:27","date_gmt":"2015-09-03T11:55:27","guid":{"rendered":"http:\/\/aeal.edu.pt\/?page_id=604"},"modified":"2015-09-03T11:55:27","modified_gmt":"2015-09-03T11:55:27","slug":"departamentos-coordenadores","status":"publish","type":"page","link":"http:\/\/aeal.edu.pt\/portal\/departamentos-coordenadores\/","title":{"rendered":"Departamentos \/ Coordenadores"},"content":{"rendered":"<p>[vc_row][vc_column][vc_column_text]<\/p>\n<p style=\"text-align: center;\"><strong>Coordena\u00e7\u00f5es<\/strong><\/p>\n<table>\n<tbody>\n<tr>\n<td width=\"202\"><strong>Departamento\/ Coordenador<\/strong><\/td>\n<td width=\"287\"><strong>C\u00f3digo \/ Disciplina<\/strong><\/td>\n<td width=\"149\"><strong>Coordenador<\/strong><\/td>\n<\/tr>\n<tr>\n<td rowspan=\"2\" width=\"202\"><strong>Pr\u00e9-Escolar e 1\u00ba Ciclo Jo\u00e3o Valadares<\/strong><\/td>\n<td width=\"287\"><strong>100 \u2013 Educa\u00e7\u00e3o Pr\u00e9-Escolar<\/strong><\/td>\n<td rowspan=\"2\" width=\"149\"><strong>\u00a0<\/strong><\/p>\n<p>Jo\u00e3o Valadares<\/td>\n<\/tr>\n<tr>\n<td width=\"287\"><strong>110 \u2013 1\u00baCiclo do Ens. B\u00e1sico<\/strong><\/td>\n<\/tr>\n<tr>\n<td rowspan=\"11\" width=\"202\"><strong>L\u00ednguas<\/strong><\/p>\n<p><strong>M\u00aa Concei\u00e7\u00e3o Neves<\/strong><\/td>\n<td width=\"287\"><strong>120 \u2013 Ingl\u00eas 1\u00baCiclo do Ens. B\u00e1sico<\/strong><\/td>\n<td width=\"149\">Maria Geraldes<\/td>\n<\/tr>\n<tr>\n<td rowspan=\"2\" width=\"287\"><strong>210 &#8211; Portugu\u00eas \/ Franc\u00eas<\/strong><\/td>\n<td width=\"149\">Port \u2013 M.\u00aa Orlanda<\/td>\n<\/tr>\n<tr>\n<td width=\"149\">Lanranjeira<\/td>\n<\/tr>\n<tr>\n<td rowspan=\"2\" width=\"287\"><strong>220 &#8211; Portugu\u00eas \/ Ingl\u00eas<\/strong><\/td>\n<td width=\"149\">Ingl\u00eas \u2013 Lu\u00edsa<\/td>\n<\/tr>\n<tr>\n<td width=\"149\">Fernandes<\/td>\n<\/tr>\n<tr>\n<td width=\"287\"><strong>300 \u2013 Portugu\u00eas\/ Franc\u00eas<\/strong><\/td>\n<td width=\"149\">Ad\u00e9lia Guerreiro\/ M\u00aa Lu\u00edsa Beato<\/td>\n<\/tr>\n<tr>\n<td rowspan=\"2\" width=\"287\"><strong>320 &#8211; Franc\u00eas<\/strong><\/td>\n<td width=\"149\">M\u00aa Cristina<\/td>\n<\/tr>\n<tr>\n<td width=\"149\">Bartolomeu<\/td>\n<\/tr>\n<tr>\n<td width=\"287\"><strong>330 &#8211; Ingl\u00eas<\/strong><\/td>\n<td width=\"149\">Felismina Amaral<\/td>\n<\/tr>\n<tr>\n<td width=\"287\"><strong>350 &#8211; Espanhol<\/strong><\/td>\n<td width=\"149\">M\u00ba Helena Almeida<\/td>\n<\/tr>\n<tr>\n<td width=\"287\"><strong>360 \u2013 L\u00edngua gestual Portuguesa<\/strong><\/td>\n<td width=\"149\">C\u00e9lia Reis<\/td>\n<\/tr>\n<tr>\n<td rowspan=\"6\" width=\"202\"><strong>\u00a0<\/strong><\/p>\n<p><strong>\u00a0<\/strong><\/p>\n<p><strong>Ci\u00eancias Sociais e Humanas<\/strong><\/p>\n<p><strong>Am\u00e9rico Silva<\/strong><\/td>\n<td width=\"287\"><strong>200 \u2013 Port e Estudos Sociais\/Hist\u00f3ria<\/strong><\/td>\n<td width=\"149\">Helena Diogo<\/td>\n<\/tr>\n<tr>\n<td width=\"287\"><strong>290 \u2013 Educ.Moral e Religi\u00e3o Cat\u00f3lica<\/strong><\/td>\n<td width=\"149\"><\/td>\n<\/tr>\n<tr>\n<td width=\"287\"><strong>400 \u2013 Hist\u00f3ria<\/strong><\/td>\n<td width=\"149\">M.\u00aa da Gra\u00e7a Antunes<\/td>\n<\/tr>\n<tr>\n<td width=\"287\"><strong>410 \u2013 Filosofia<\/strong><\/td>\n<td width=\"149\">L\u00edgia Milheiro<\/td>\n<\/tr>\n<tr>\n<td width=\"287\"><strong>420 \u2013 Geografia<\/strong><\/td>\n<td width=\"149\">Rui Duarte<\/td>\n<\/tr>\n<tr>\n<td width=\"287\"><strong>430 \u2013 Economia e Contabilidade<\/strong><\/td>\n<td width=\"149\">Jos\u00e9 Manuel Reis<\/td>\n<\/tr>\n<\/tbody>\n<\/table>\n<p>[\/vc_column_text][\/vc_column][\/vc_row]<\/p>\n","protected":false},"excerpt":{"rendered":"<p>[vc_row][vc_column][vc_column_text] Coordena\u00e7\u00f5es Departamento\/ Coordenador C\u00f3digo \/ Disciplina Coordenador Pr\u00e9-Escolar e 1\u00ba Ciclo Jo\u00e3o Valadares 100 \u2013 Educa\u00e7\u00e3o Pr\u00e9-Escolar \u00a0 Jo\u00e3o Valadares 110 \u2013 1\u00baCiclo do Ens. B\u00e1sico L\u00ednguas M\u00aa Concei\u00e7\u00e3o Neves 120 \u2013 Ingl\u00eas 1\u00baCiclo do Ens. B\u00e1sico Maria Geraldes 210 &#8211; Portugu\u00eas \/ Franc\u00eas&nbsp;<a href=\"http:\/\/aeal.edu.pt\/portal\/departamentos-coordenadores\/\">&hellip;<\/a><\/p>\n","protected":false},"author":1,"featured_media":419,"parent":0,"menu_order":0,"comment_status":"closed","ping_status":"closed","template":"","meta":{"footnotes":""},"class_list":["post-604","page","type-page","status-publish","has-post-thumbnail","hentry","odd"],"_links":{"self":[{"href":"http:\/\/aeal.edu.pt\/portal\/wp-json\/wp\/v2\/pages\/604","targetHints":{"allow":["GET"]}}],"collection":[{"href":"http:\/\/aeal.edu.pt\/portal\/wp-json\/wp\/v2\/pages"}],"about":[{"href":"http:\/\/aeal.edu.pt\/portal\/wp-json\/wp\/v2\/types\/page"}],"author":[{"embeddable":true,"href":"http:\/\/aeal.edu.pt\/portal\/wp-json\/wp\/v2\/users\/1"}],"replies":[{"embeddable":true,"href":"http:\/\/aeal.edu.pt\/portal\/wp-json\/wp\/v2\/comments?post=604"}],"version-history":[{"count":0,"href":"http:\/\/aeal.edu.pt\/portal\/wp-json\/wp\/v2\/pages\/604\/revisions"}],"wp:featuredmedia":[{"embeddable":true,"href":"http:\/\/aeal.edu.pt\/portal\/wp-json\/wp\/v2\/media\/419"}],"wp:attachment":[{"href":"http:\/\/aeal.edu.pt\/portal\/wp-json\/wp\/v2\/media?parent=604"}],"curies":[{"name":"wp","href":"https:\/\/api.w.org\/{rel}","templated":true}]}}