{"id":6605,"date":"2023-06-01T11:07:31","date_gmt":"2023-06-01T10:07:31","guid":{"rendered":"http:\/\/aeal.edu.pt\/portal\/?page_id=6605"},"modified":"2024-05-31T15:26:41","modified_gmt":"2024-05-31T14:26:41","slug":"ol2324","status":"publish","type":"page","link":"http:\/\/aeal.edu.pt\/portal\/ol2324\/","title":{"rendered":"Oferta Letiva 2024\/25"},"content":{"rendered":"<h1 class=\"mb-4 text-uppercase pb_letter-spacing-2\">2024\/2025<\/h1>\n<p>Como vem sendo h\u00e1bito, o nosso Agrupamento. disp\u00f5e de uma oferta que cobre\u00a0<u>todos os n\u00edveis de ensino<\/u>, bem como uma grande diversidade de percursos de educa\u00e7\u00e3o e forma\u00e7\u00e3o. Pode conferir aqui toda a nossa oferta e preparar-se para a matr\u00edcula e, no caso do\u00a0<u>ensino profissional<\/u>, verificar as op\u00e7\u00f5es de escolha dispon\u00edveis e fazer a respetiva\u00a0<a href=\"https:\/\/docs.google.com\/forms\/d\/e\/1FAIpQLSe2cFZXDfabL1bPd5lQ57oYIXffh-BYaSWj9gueQ2rRR-uPYA\/viewform?usp=sf_link\">PR\u00c9-INSCRI\u00c7\u00c3O<\/a>.<\/p>\n<h3><\/h3>\n<h3>EDUCA\u00c7\u00c3O PR\u00c9-ESCOLAR<\/h3>\n<h3>ENSINO B\u00c1SICO<\/h3>\n<p>1.\u00ba\/ 2.\u00ba \/ 3.\u00ba Ciclo<br \/>\nEnsino Especializado da M\u00fasica em Regime Articulado<\/p>\n<p>&nbsp;<\/p>\n<h3>ENSINO SECUND\u00c1RIO<\/h3>\n<h4><\/h4>\n<h4>Cursos Cient\u00edfico-Human\u00edsticos<\/h4>\n<p>Destinam-se a alunos que, tendo conclu\u00eddo o 9\u00ba ano de escolaridade ou equivalente, pretendam obter uma forma\u00e7\u00e3o de n\u00edvel Secund\u00e1rio, que lhes permita o ingresso no ensino superior.\u00a0Conferem um diploma de Ensino Secund\u00e1rio (12\u00ba ano), bem como o n\u00edvel 3 de qualifica\u00e7\u00e3o do Quadro Nacional de Qualifica\u00e7\u00f5es (QNQ).<\/p>\n<p>Ci\u00eancias e Tecnologias<br \/>\nCi\u00eancias Socioecon\u00f3micas<br \/>\nArtes Visuais<\/p>\n<h4><\/h4>\n<h4>Cursos Profissionais<\/h4>\n<p>Destinam-se a alunos que tenham conclu\u00eddo o 9\u00ba ano de escolaridade e que procuram um ensino mais pr\u00e1tico e voltado para o mundo do trabalho.<br \/>\nDura\u00e7\u00e3o: 3 anos<br \/>\nCertifica\u00e7\u00e3o Escolar 12.\u00ba ano\u00a0e Certifica\u00e7\u00e3o Profissional N\u00edvel IV<\/p>\n<p>T\u00e9cnico\/a de Desporto<\/p>\n<p><span class=\"OYPEnA text-decoration-none text-strikethrough-none\">T\u00e9cnico\/a de Inform\u00e1tica &#8211; Instala\u00e7\u00e3o e Gest\u00e3o de Redes<\/span><br \/>\nT\u00e9cnico de Programador\/a de Inform\u00e1tica<\/p>\n<p><span class=\"OYPEnA text-decoration-none text-strikethrough-none\">T\u00e9cnico de Eletr\u00f3nica, Automa\u00e7\u00e3o e Computadores<\/span><br \/>\nT\u00e9cnico de Mecatr\u00f3nica<\/p>\n","protected":false},"excerpt":{"rendered":"<p>2024\/2025 Como vem sendo h\u00e1bito, o nosso Agrupamento. disp\u00f5e de uma oferta que cobre\u00a0todos os n\u00edveis de ensino, bem como uma grande diversidade de percursos de educa\u00e7\u00e3o e forma\u00e7\u00e3o. Pode conferir aqui toda a nossa oferta e preparar-se para a matr\u00edcula e, no caso do\u00a0ensino&nbsp;<a href=\"http:\/\/aeal.edu.pt\/portal\/ol2324\/\">&hellip;<\/a><\/p>\n","protected":false},"author":1,"featured_media":0,"parent":0,"menu_order":0,"comment_status":"closed","ping_status":"closed","template":"","meta":{"footnotes":""},"class_list":["post-6605","page","type-page","status-publish","hentry","odd"],"_links":{"self":[{"href":"http:\/\/aeal.edu.pt\/portal\/wp-json\/wp\/v2\/pages\/6605","targetHints":{"allow":["GET"]}}],"collection":[{"href":"http:\/\/aeal.edu.pt\/portal\/wp-json\/wp\/v2\/pages"}],"about":[{"href":"http:\/\/aeal.edu.pt\/portal\/wp-json\/wp\/v2\/types\/page"}],"author":[{"embeddable":true,"href":"http:\/\/aeal.edu.pt\/portal\/wp-json\/wp\/v2\/users\/1"}],"replies":[{"embeddable":true,"href":"http:\/\/aeal.edu.pt\/portal\/wp-json\/wp\/v2\/comments?post=6605"}],"version-history":[{"count":5,"href":"http:\/\/aeal.edu.pt\/portal\/wp-json\/wp\/v2\/pages\/6605\/revisions"}],"predecessor-version":[{"id":7331,"href":"http:\/\/aeal.edu.pt\/portal\/wp-json\/wp\/v2\/pages\/6605\/revisions\/7331"}],"wp:attachment":[{"href":"http:\/\/aeal.edu.pt\/portal\/wp-json\/wp\/v2\/media?parent=6605"}],"curies":[{"name":"wp","href":"https:\/\/api.w.org\/{rel}","templated":true}]}}