{"id":700,"date":"2015-10-01T00:23:41","date_gmt":"2015-10-01T00:23:41","guid":{"rendered":"http:\/\/aeal.edu.pt\/?page_id=700"},"modified":"2015-10-01T00:23:41","modified_gmt":"2015-10-01T00:23:41","slug":"clube-de-teatro","status":"publish","type":"page","link":"http:\/\/aeal.edu.pt\/portal\/clube-de-teatro\/","title":{"rendered":"Clube de Teatro"},"content":{"rendered":"<p>[vc_row full_width=&#8221;&#8221; parallax=&#8221;&#8221; parallax_image=&#8221;&#8221;][vc_column width=&#8221;1\/1&#8243;][contentbox][vc_column_text]<\/p>\n<p style=\"text-align: center;\"><strong>CLUBE DE TEATRO<\/strong><\/p>\n<p>&nbsp;<\/p>\n<p style=\"text-align: justify;\">O Clube de Teatro pretende,\u00a0ajudar os jovens na constru\u00e7\u00e3o da sua vis\u00e3o do mundo, articulando ideias, experi\u00eancias e observando diferen\u00e7as e semelhan\u00e7as com os outros elementos do grupo. Quer ainda dar forma \u00e0 express\u00e3o de atitudes acerca das tradi\u00e7\u00f5es e h\u00e1bitos culturais herdados, bem como exercitar e desenvolver formas de pensamento cr\u00edtico.<\/p>\n<p>&nbsp;<\/p>\n<p style=\"text-align: center;\"><strong>INSCRI\u00c7\u00d5ES<\/strong><\/p>\n<p style=\"text-align: left;\">Na papelaria da Escola Jo\u00e3o Roiz<\/p>\n<p>&nbsp;<\/p>\n<p style=\"text-align: center;\"><strong>PROFESSORES DINAMIZADORES<\/strong><\/p>\n<p>\u00a0C\u00e9lia Cruz e Cristina Ramalho.[\/vc_column_text][\/contentbox][\/vc_column][\/vc_row]<\/p>\n","protected":false},"excerpt":{"rendered":"<p>[vc_row full_width=&#8221;&#8221; parallax=&#8221;&#8221; parallax_image=&#8221;&#8221;][vc_column width=&#8221;1\/1&#8243;][contentbox][vc_column_text] CLUBE DE TEATRO &nbsp; O Clube de Teatro pretende,\u00a0ajudar os jovens na constru\u00e7\u00e3o da sua vis\u00e3o do mundo, articulando ideias, experi\u00eancias e observando diferen\u00e7as e semelhan\u00e7as com os outros elementos do grupo. Quer ainda dar forma \u00e0 express\u00e3o de atitudes&nbsp;<a href=\"http:\/\/aeal.edu.pt\/portal\/clube-de-teatro\/\">&hellip;<\/a><\/p>\n","protected":false},"author":1,"featured_media":698,"parent":0,"menu_order":0,"comment_status":"closed","ping_status":"closed","template":"","meta":{"footnotes":""},"class_list":["post-700","page","type-page","status-publish","has-post-thumbnail","hentry","odd"],"_links":{"self":[{"href":"http:\/\/aeal.edu.pt\/portal\/wp-json\/wp\/v2\/pages\/700","targetHints":{"allow":["GET"]}}],"collection":[{"href":"http:\/\/aeal.edu.pt\/portal\/wp-json\/wp\/v2\/pages"}],"about":[{"href":"http:\/\/aeal.edu.pt\/portal\/wp-json\/wp\/v2\/types\/page"}],"author":[{"embeddable":true,"href":"http:\/\/aeal.edu.pt\/portal\/wp-json\/wp\/v2\/users\/1"}],"replies":[{"embeddable":true,"href":"http:\/\/aeal.edu.pt\/portal\/wp-json\/wp\/v2\/comments?post=700"}],"version-history":[{"count":0,"href":"http:\/\/aeal.edu.pt\/portal\/wp-json\/wp\/v2\/pages\/700\/revisions"}],"wp:featuredmedia":[{"embeddable":true,"href":"http:\/\/aeal.edu.pt\/portal\/wp-json\/wp\/v2\/media\/698"}],"wp:attachment":[{"href":"http:\/\/aeal.edu.pt\/portal\/wp-json\/wp\/v2\/media?parent=700"}],"curies":[{"name":"wp","href":"https:\/\/api.w.org\/{rel}","templated":true}]}}