{"id":955,"date":"2015-11-27T11:56:50","date_gmt":"2015-11-27T11:56:50","guid":{"rendered":"http:\/\/aeal.edu.pt\/?page_id=955"},"modified":"2021-12-20T16:12:01","modified_gmt":"2021-12-20T16:12:01","slug":"a-historia","status":"publish","type":"page","link":"http:\/\/aeal.edu.pt\/portal\/a-historia\/","title":{"rendered":"A Hist\u00f3ria"},"content":{"rendered":"<p>[vc_row][vc_column][vc_column_text]<\/p>\n<p style=\"text-align: justify;\">O Agrupamento de Escolas Amato Lusitano, criado em julho de 2013, integra a Escola Secund\u00e1ria de Amato Lusitano, a EBI Jo\u00e3o Roiz, a EB1 &#8211; Quinta da Granja, o Jardim-de-inf\u00e2ncia\/ EB1 do Valongo, e as EB1 Cebolais de Cima e Retaxo.<\/p>\n<p style=\"text-align: justify;\">O Agrupamento est\u00e1 sediado na Escola secund\u00e1ria de Amato Lusitano, antiga escola t\u00e9cnica &#8211; Escola Comercial e Industrial de Castelo Branco. A partir de 1974, quando a distin\u00e7\u00e3o entre os diferentes tipos de escola desapareceu e o ensino passou a ser unificado, a escola passou a designar-se Escola Secund\u00e1ria de Castelo Branco com turmas desde o 7.\u00ba ao 11.\u00ba ano, tendo posteriormente sido acrescentado o 12.\u00ba ano ao Sistema Educativo portugu\u00eas. Em 1987, passou a designar-se Escola Secund\u00e1ria de Amato Lusitano. O ensino t\u00e9cnico-profissional, criado em 1983, teve grande sucesso na altura, continuando a distinguir-se na atualidade com o alargamento a novas \u00e1reas.<\/p>\n<p style=\"text-align: justify;\">A EBI Jo\u00e3o Roiz entrou em funcionamento em 2001\/2002 e em 2003\/2004, agregou 4 escolas do ensino b\u00e1sico \u2013 a EB1 Quinta da Granja, o Jardim-de-inf\u00e2ncia\/ EB1 do Valongo, a EB1 Cebolais de Cima e a EB1 Retaxo -, formando o Agrupamento de Escolas Jo\u00e3o Roiz de Castelo Branco.<\/p>\n<p>[\/vc_column_text][\/vc_column][\/vc_row]<\/p>\n","protected":false},"excerpt":{"rendered":"<p>[vc_row][vc_column][vc_column_text] O Agrupamento de Escolas Amato Lusitano, criado em julho de 2013, integra a Escola Secund\u00e1ria de Amato Lusitano, a EBI Jo\u00e3o Roiz, a EB1 &#8211; Quinta da Granja, o Jardim-de-inf\u00e2ncia\/ EB1 do Valongo, e as EB1 Cebolais de Cima e Retaxo. O Agrupamento est\u00e1&nbsp;<a href=\"http:\/\/aeal.edu.pt\/portal\/a-historia\/\">&hellip;<\/a><\/p>\n","protected":false},"author":1,"featured_media":419,"parent":0,"menu_order":0,"comment_status":"closed","ping_status":"closed","template":"","meta":{"footnotes":""},"class_list":["post-955","page","type-page","status-publish","has-post-thumbnail","hentry","odd"],"_links":{"self":[{"href":"http:\/\/aeal.edu.pt\/portal\/wp-json\/wp\/v2\/pages\/955","targetHints":{"allow":["GET"]}}],"collection":[{"href":"http:\/\/aeal.edu.pt\/portal\/wp-json\/wp\/v2\/pages"}],"about":[{"href":"http:\/\/aeal.edu.pt\/portal\/wp-json\/wp\/v2\/types\/page"}],"author":[{"embeddable":true,"href":"http:\/\/aeal.edu.pt\/portal\/wp-json\/wp\/v2\/users\/1"}],"replies":[{"embeddable":true,"href":"http:\/\/aeal.edu.pt\/portal\/wp-json\/wp\/v2\/comments?post=955"}],"version-history":[{"count":1,"href":"http:\/\/aeal.edu.pt\/portal\/wp-json\/wp\/v2\/pages\/955\/revisions"}],"predecessor-version":[{"id":5265,"href":"http:\/\/aeal.edu.pt\/portal\/wp-json\/wp\/v2\/pages\/955\/revisions\/5265"}],"wp:featuredmedia":[{"embeddable":true,"href":"http:\/\/aeal.edu.pt\/portal\/wp-json\/wp\/v2\/media\/419"}],"wp:attachment":[{"href":"http:\/\/aeal.edu.pt\/portal\/wp-json\/wp\/v2\/media?parent=955"}],"curies":[{"name":"wp","href":"https:\/\/api.w.org\/{rel}","templated":true}]}}