{"id":957,"date":"2015-11-27T12:00:33","date_gmt":"2015-11-27T12:00:33","guid":{"rendered":"http:\/\/aeal.edu.pt\/?page_id=957"},"modified":"2021-12-20T16:12:46","modified_gmt":"2021-12-20T16:12:46","slug":"o-patrono","status":"publish","type":"page","link":"http:\/\/aeal.edu.pt\/portal\/o-patrono\/","title":{"rendered":"O Patrono"},"content":{"rendered":"<p>[vc_row][vc_column][vc_column_text]<\/p>\n<p><center><a href=\"http:\/\/aeal.edu.pt\/portal\/wp-content\/uploads\/2015\/11\/200px-Nt-amato-lusitano.jpg\"><img fetchpriority=\"high\" decoding=\"async\" class=\" size-full wp-image-958 aligncenter\" src=\"http:\/\/aeal.edu.pt\/portal\/wp-content\/uploads\/2015\/11\/200px-Nt-amato-lusitano.jpg\" alt=\"200px-Nt-amato-lusitano\" width=\"200\" height=\"308\" srcset=\"http:\/\/aeal.edu.pt\/portal\/wp-content\/uploads\/2015\/11\/200px-Nt-amato-lusitano.jpg 200w, http:\/\/aeal.edu.pt\/portal\/wp-content\/uploads\/2015\/11\/200px-Nt-amato-lusitano-195x300.jpg 195w\" sizes=\"(max-width: 200px) 100vw, 200px\" \/><\/a><\/center><\/p>\n<p style=\"text-align: justify;\">Jo\u00e3o Rodrigues de Castelo Branco nasceu nesta cidade em 1511. M\u00e9dico erudito do s\u00e9culo XVI, foi um dos mais destacados representantes do humanismo renascentista. Professor universit\u00e1rio em Ferrara e investigador ilustre, o seu nome ficou especialmente ligado \u00e0 descoberta da circula\u00e7\u00e3o do sangue. Escreveu in\u00fameras obras onde exp\u00f4s as suas doutrinas sobre Medicina, passando a ser conhecido pelo cognome de \u201cAmato Lusitano\u201d.<\/p>\n<p style=\"text-align: justify;\">A persegui\u00e7\u00e3o movida pela Inquisi\u00e7\u00e3o, f\u00e1-lo deslocar-se para It\u00e1lia onde, atendendo \u00e0 sua fama crescente, \u00e9 procurado quer pelos humildes, quer pelos grandes senhores. A ele se atribui a seguinte afirma\u00e7\u00e3o: \u201cSempre tratei os meus doentes com igual cuidado, quer fossem pobres ou nascidos em nobreza, sem procurar saber se eram hebreus, crist\u00e3os ou sequazes da lei Maometana.\u201d<\/p>\n<p style=\"text-align: justify;\">O esp\u00edrito presente nesta afirma\u00e7\u00e3o serve de mote a este agrupamento.<\/p>\n<p>.[\/vc_column_text][\/vc_column][\/vc_row]<\/p>\n","protected":false},"excerpt":{"rendered":"<p>[vc_row][vc_column][vc_column_text] Jo\u00e3o Rodrigues de Castelo Branco nasceu nesta cidade em 1511. M\u00e9dico erudito do s\u00e9culo XVI, foi um dos mais destacados representantes do humanismo renascentista. Professor universit\u00e1rio em Ferrara e investigador ilustre, o seu nome ficou especialmente ligado \u00e0 descoberta da circula\u00e7\u00e3o do sangue. Escreveu&nbsp;<a href=\"http:\/\/aeal.edu.pt\/portal\/o-patrono\/\">&hellip;<\/a><\/p>\n","protected":false},"author":1,"featured_media":419,"parent":0,"menu_order":0,"comment_status":"closed","ping_status":"closed","template":"","meta":{"footnotes":""},"class_list":["post-957","page","type-page","status-publish","has-post-thumbnail","hentry","odd"],"_links":{"self":[{"href":"http:\/\/aeal.edu.pt\/portal\/wp-json\/wp\/v2\/pages\/957","targetHints":{"allow":["GET"]}}],"collection":[{"href":"http:\/\/aeal.edu.pt\/portal\/wp-json\/wp\/v2\/pages"}],"about":[{"href":"http:\/\/aeal.edu.pt\/portal\/wp-json\/wp\/v2\/types\/page"}],"author":[{"embeddable":true,"href":"http:\/\/aeal.edu.pt\/portal\/wp-json\/wp\/v2\/users\/1"}],"replies":[{"embeddable":true,"href":"http:\/\/aeal.edu.pt\/portal\/wp-json\/wp\/v2\/comments?post=957"}],"version-history":[{"count":1,"href":"http:\/\/aeal.edu.pt\/portal\/wp-json\/wp\/v2\/pages\/957\/revisions"}],"predecessor-version":[{"id":5266,"href":"http:\/\/aeal.edu.pt\/portal\/wp-json\/wp\/v2\/pages\/957\/revisions\/5266"}],"wp:featuredmedia":[{"embeddable":true,"href":"http:\/\/aeal.edu.pt\/portal\/wp-json\/wp\/v2\/media\/419"}],"wp:attachment":[{"href":"http:\/\/aeal.edu.pt\/portal\/wp-json\/wp\/v2\/media?parent=957"}],"curies":[{"name":"wp","href":"https:\/\/api.w.org\/{rel}","templated":true}]}}