{"id":985,"date":"2015-12-08T18:24:19","date_gmt":"2015-12-08T18:24:19","guid":{"rendered":"http:\/\/aeal.edu.pt\/?page_id=985"},"modified":"2015-12-08T18:24:19","modified_gmt":"2015-12-08T18:24:19","slug":"clube-de-fotografia","status":"publish","type":"page","link":"http:\/\/aeal.edu.pt\/portal\/clube-de-fotografia\/","title":{"rendered":"Clube de Fotografia"},"content":{"rendered":"<p>[vc_row full_width=&#8221;&#8221; parallax=&#8221;&#8221; parallax_image=&#8221;&#8221;][vc_column width=&#8221;1\/1&#8243;][contentbox][vc_column_text]<\/p>\n<p style=\"line-height: 20pt; text-align: justify;\">Para nos dedicarmos \u00e0 fotografia n\u00e3o \u00e9 necess\u00e1rio equipamento caro e complexo, viajar para pa\u00edses long\u00ednquos, aplicar t\u00e9cnicas elaboradas de composi\u00e7\u00e3o nem estudar exaustivamente est\u00e9tica.<\/p>\n<p>&nbsp;<\/p>\n<p style=\"line-height: 20pt; text-align: justify;\">O assunto est\u00e1 em todo o lado e hoje em dia compra-se uma c\u00e2mera fotogr\u00e1fica com qualidade razo\u00e1vel por pouco dinheiro. Qualquer telem\u00f3vel tem uma c\u00e2mera incorporada e andamos sempre com um no bolso. Fotografar n\u00e3o \u00e9 mais dificil que apontar e pressionar um bot\u00e3o.<\/p>\n<p>&nbsp;<\/p>\n<p style=\"line-height: 20pt; text-align: justify;\">O fator chave para se fazerem boas fotografias \u00e9 n\u00e3o \u00e9 mais que a sensibilidade e a aten\u00e7\u00e3o para a beleza do mundo \u00e0 nossa volta.<\/p>\n<p>&nbsp;<\/p>\n<p style=\"line-height: 20pt; text-align: justify;\">Os amantes da fotografia s\u00e3o ca\u00e7adores de instantes, observadores treinados, estudantes da vida \u00e0 sua volta, que n\u00e3o deixam escapar o detalhe mais delicado e as pontas soltas do tecido vital.<\/p>\n<p>&nbsp;<\/p>\n<p style=\"line-height: 20pt; text-align: justify;\">A cria\u00e7\u00e3o do Clube de Fotografia visa disponibilizar um ponto de encontro para todos os membros da comunidade escolar que queiram se dedicar \u00e0 fotografia, partilhar t\u00e9cnicas, \u00a0experi\u00eancias ou aprofundar conhecimentos.<\/p>\n<p>&nbsp;<\/p>\n<p style=\"line-height: 20pt; text-align: justify;\"><a href=\"http:\/\/aeal.edu.pt\/portal\/wp-content\/uploads\/2015\/12\/unnamed.jpg\"><img fetchpriority=\"high\" decoding=\"async\" class=\"alignnone size-full wp-image-1002\" src=\"http:\/\/aeal.edu.pt\/portal\/wp-content\/uploads\/2015\/12\/unnamed.jpg\" alt=\"unnamed\" width=\"800\" height=\"536\" srcset=\"http:\/\/aeal.edu.pt\/portal\/wp-content\/uploads\/2015\/12\/unnamed.jpg 800w, http:\/\/aeal.edu.pt\/portal\/wp-content\/uploads\/2015\/12\/unnamed-300x201.jpg 300w\" sizes=\"(max-width: 800px) 100vw, 800px\" \/><\/a><\/p>\n<p>[\/vc_column_text][\/contentbox][\/vc_column][\/vc_row]<\/p>\n","protected":false},"excerpt":{"rendered":"<p>[vc_row full_width=&#8221;&#8221; parallax=&#8221;&#8221; parallax_image=&#8221;&#8221;][vc_column width=&#8221;1\/1&#8243;][contentbox][vc_column_text] Para nos dedicarmos \u00e0 fotografia n\u00e3o \u00e9 necess\u00e1rio equipamento caro e complexo, viajar para pa\u00edses long\u00ednquos, aplicar t\u00e9cnicas elaboradas de composi\u00e7\u00e3o nem estudar exaustivamente est\u00e9tica. &nbsp; O assunto est\u00e1 em todo o lado e hoje em dia compra-se uma c\u00e2mera&nbsp;<a href=\"http:\/\/aeal.edu.pt\/portal\/clube-de-fotografia\/\">&hellip;<\/a><\/p>\n","protected":false},"author":1,"featured_media":997,"parent":0,"menu_order":0,"comment_status":"closed","ping_status":"closed","template":"","meta":{"footnotes":""},"class_list":["post-985","page","type-page","status-publish","has-post-thumbnail","hentry","odd"],"_links":{"self":[{"href":"http:\/\/aeal.edu.pt\/portal\/wp-json\/wp\/v2\/pages\/985","targetHints":{"allow":["GET"]}}],"collection":[{"href":"http:\/\/aeal.edu.pt\/portal\/wp-json\/wp\/v2\/pages"}],"about":[{"href":"http:\/\/aeal.edu.pt\/portal\/wp-json\/wp\/v2\/types\/page"}],"author":[{"embeddable":true,"href":"http:\/\/aeal.edu.pt\/portal\/wp-json\/wp\/v2\/users\/1"}],"replies":[{"embeddable":true,"href":"http:\/\/aeal.edu.pt\/portal\/wp-json\/wp\/v2\/comments?post=985"}],"version-history":[{"count":0,"href":"http:\/\/aeal.edu.pt\/portal\/wp-json\/wp\/v2\/pages\/985\/revisions"}],"wp:featuredmedia":[{"embeddable":true,"href":"http:\/\/aeal.edu.pt\/portal\/wp-json\/wp\/v2\/media\/997"}],"wp:attachment":[{"href":"http:\/\/aeal.edu.pt\/portal\/wp-json\/wp\/v2\/media?parent=985"}],"curies":[{"name":"wp","href":"https:\/\/api.w.org\/{rel}","templated":true}]}}